{"id":1180,"date":"2017-09-13T15:20:23","date_gmt":"2017-09-13T13:20:23","guid":{"rendered":"http:\/\/www.aides-info.fr\/EPICES\/?page_id=1180"},"modified":"2021-04-09T21:13:52","modified_gmt":"2021-04-09T19:13:52","slug":"region-gite-alsace-location","status":"publish","type":"page","link":"https:\/\/www.gite-alsace-relaisdesvignes.com\/de\/region-gite-alsace-location\/","title":{"rendered":"La r\u00e9gion"},"content":{"rendered":"<p><\/p>\n<h2>Nos vignes<\/h2>\n<p>Profitez de votre temps de s\u00e9jour dans nos gites, pour vous promener dans notre belle campagne, visitez quelques caves viticoles et pourquoi pas un pique-nique improvis\u00e9 dans les vignes avec les <strong>Vosges<\/strong> ou la <strong>For\u00eat Noire <\/strong>pour horizon.<\/p>\n<p><img decoding=\"async\" loading=\"lazy\" class=\"alignnone size-full wp-image-1609\" src=\"http:\/\/www.gite-alsace-relaisdesvignes.com\/wp-content\/uploads\/2018\/01\/region_8.jpg\" alt=\"gite location alsace\" width=\"1000\" height=\"806\" srcset=\"https:\/\/www.gite-alsace-relaisdesvignes.com\/wp-content\/uploads\/2018\/01\/region_8.jpg 1000w, https:\/\/www.gite-alsace-relaisdesvignes.com\/wp-content\/uploads\/2018\/01\/region_8-300x242.jpg 300w, https:\/\/www.gite-alsace-relaisdesvignes.com\/wp-content\/uploads\/2018\/01\/region_8-768x619.jpg 768w\" sizes=\"(max-width: 767px) 89vw, (max-width: 1000px) 54vw, (max-width: 1071px) 543px, 580px\" \/><\/p>\n<h2>La neige<\/h2>\n<p>Notre belle Alsace vous offre aussi le loisir de profiter de la neige et du ski. Une journ\u00e9e sur les planches, skiez au <strong>Markstein<\/strong>, au <strong>Champ du feu<\/strong>, au <strong>Lac Blanc<\/strong>, au <strong>Ventron<\/strong>, et bien d&#8217;autre stations.<\/p>\n<p><a href=\"http:\/\/www.gite-alsace-relaisdesvignes.com\/wp-content\/uploads\/2018\/01\/region_7.jpg\"><img decoding=\"async\" loading=\"lazy\" class=\"alignnone size-full wp-image-1608\" src=\"http:\/\/www.gite-alsace-relaisdesvignes.com\/wp-content\/uploads\/2018\/01\/region_7.jpg\" alt=\"gite meuble de charme colmar\" width=\"1000\" height=\"750\" srcset=\"https:\/\/www.gite-alsace-relaisdesvignes.com\/wp-content\/uploads\/2018\/01\/region_7.jpg 1000w, https:\/\/www.gite-alsace-relaisdesvignes.com\/wp-content\/uploads\/2018\/01\/region_7-300x225.jpg 300w, https:\/\/www.gite-alsace-relaisdesvignes.com\/wp-content\/uploads\/2018\/01\/region_7-768x576.jpg 768w\" sizes=\"(max-width: 767px) 89vw, (max-width: 1000px) 54vw, (max-width: 1071px) 543px, 580px\" \/><\/a><\/p>\n<h2>Parc \u00e0 th\u00e8me<\/h2>\n<p>De nombreux sites \u00e0 proximit\u00e9 imm\u00e9diate de Kintzheim vous attendent : <strong>La Volerie des Aigles<\/strong>, <strong>la Montagne des Singes<\/strong>, <strong>le Cigoland<\/strong> et le <strong>Naturoparc<\/strong> (ex Centre de r\u00e9introduction des Cigognes). N&#8217;oubliez pas de bloquer une journ\u00e9e pour d\u00e9couvrir le parc d&#8217;attraction allemand &#8220; <strong>Europa-Park<\/strong>&#8220; (\u00e0 1\/2h de Kintzheim) nomm\u00e9 \u00e0 4 reprises meilleur parc de loisirs et d&#8217;attractions du monde.<\/p>\n<p><a href=\"http:\/\/www.gite-alsace-relaisdesvignes.com\/wp-content\/uploads\/2018\/01\/region_6.jpg\"><img decoding=\"async\" loading=\"lazy\" class=\"alignnone size-full wp-image-1607\" src=\"http:\/\/www.gite-alsace-relaisdesvignes.com\/wp-content\/uploads\/2018\/01\/region_6.jpg\" alt=\"nos gites en location\" width=\"1000\" height=\"750\" srcset=\"https:\/\/www.gite-alsace-relaisdesvignes.com\/wp-content\/uploads\/2018\/01\/region_6.jpg 1000w, https:\/\/www.gite-alsace-relaisdesvignes.com\/wp-content\/uploads\/2018\/01\/region_6-300x225.jpg 300w, https:\/\/www.gite-alsace-relaisdesvignes.com\/wp-content\/uploads\/2018\/01\/region_6-768x576.jpg 768w\" sizes=\"(max-width: 767px) 89vw, (max-width: 1000px) 54vw, (max-width: 1071px) 543px, 580px\" \/><\/a><\/p>\n<h2>Les Nombreux Ch\u00e2teaux<\/h2>\n<p>Beaucoup de ch\u00e2teaux sont encore visibles et peuvent \u00eatre visit\u00e9s. Souvent en ruines, parfois r\u00e9nov\u00e9s, les ch\u00e2teaux alsaciens sont toujours l&#8217;occasion d&#8217;une promenade pour une journ\u00e9e, avec souvent une vue imprenable sur les vall\u00e9es ou plaines de la r\u00e9gion.<\/p>\n<p>A proximit\u00e9 des g\u00eetes : le <strong>Haut-Koenigsbourg<\/strong>, le <strong>Hohlandsbourg<\/strong>, le <strong>ch\u00e2teau de Kintzheim<\/strong>, l&#8216;<strong>Ortenbourg<\/strong>, les 3 ch\u00e2teaux des Ribeaupierre&#8230;<\/p>\n<p><a href=\"http:\/\/www.gite-alsace-relaisdesvignes.com\/wp-content\/uploads\/2018\/01\/region_5.jpg\"><img decoding=\"async\" loading=\"lazy\" class=\"alignnone size-full wp-image-1606\" src=\"http:\/\/www.gite-alsace-relaisdesvignes.com\/wp-content\/uploads\/2018\/01\/region_5.jpg\" alt=\"\" width=\"1000\" height=\"750\" srcset=\"https:\/\/www.gite-alsace-relaisdesvignes.com\/wp-content\/uploads\/2018\/01\/region_5.jpg 1000w, https:\/\/www.gite-alsace-relaisdesvignes.com\/wp-content\/uploads\/2018\/01\/region_5-300x225.jpg 300w, https:\/\/www.gite-alsace-relaisdesvignes.com\/wp-content\/uploads\/2018\/01\/region_5-768x576.jpg 768w\" sizes=\"(max-width: 767px) 89vw, (max-width: 1000px) 54vw, (max-width: 1071px) 543px, 580px\" \/><\/a><\/p>\n<h2>Les Villages Typiques<\/h2>\n<div class=\"pw-hidden-cp\">Les villages alsaciens sont reconnus pour leur originalit\u00e9 et leur beaut\u00e9 : maisons \u00e0 colombages aux allures m\u00e9di\u00e9vales, puits et rebords de fen\u00eatre fleuris, l\u00e9gendes anciennes et ambiance chaleureuse. Perdus dans les vignobles aux grands crus, ils offrent des paysages et un patrimoine singuliers, qui n&#8217;auront pas de difficult\u00e9 \u00e0 vous s\u00e9duire. Partez \u00e0 la d\u00e9couverte de <strong>Kaysersberg<\/strong>, <strong>Eguisheim<\/strong>,<strong> Riquewihr<\/strong>, <strong>Eguisheim<\/strong> les plus connus mais \u00e9galement beaucoup d&#8217;autres dans lesquels vous vous arr\u00eaterez \u00e0 votre guise.<\/div>\n<p><a href=\"http:\/\/www.gite-alsace-relaisdesvignes.com\/wp-content\/uploads\/2018\/01\/region_4.jpg\"><img decoding=\"async\" loading=\"lazy\" class=\"alignnone size-full wp-image-1605\" src=\"http:\/\/www.gite-alsace-relaisdesvignes.com\/wp-content\/uploads\/2018\/01\/region_4.jpg\" alt=\"muscat nos gites a louer\" width=\"1000\" height=\"750\" srcset=\"https:\/\/www.gite-alsace-relaisdesvignes.com\/wp-content\/uploads\/2018\/01\/region_4.jpg 1000w, https:\/\/www.gite-alsace-relaisdesvignes.com\/wp-content\/uploads\/2018\/01\/region_4-300x225.jpg 300w, https:\/\/www.gite-alsace-relaisdesvignes.com\/wp-content\/uploads\/2018\/01\/region_4-768x576.jpg 768w\" sizes=\"(max-width: 767px) 89vw, (max-width: 1000px) 54vw, (max-width: 1071px) 543px, 580px\" \/><\/a><\/p>\n<h2>Les Chemins de randonn\u00e9e &#8211; G\u00eete<\/h2>\n<p>Pour les sportifs ou les simples promeneurs, l&#8217;Alsace vous offrira de nombreuses possibilit\u00e9s de <strong>randonn\u00e9es<\/strong> avec des paysages aussi divers que vari\u00e9s. Plusieurs <strong>sentiers de randonn\u00e9e<\/strong> d\u00e9marrent \u00e0 proximit\u00e9 de la propri\u00e9t\u00e9 des g\u00eetes.<\/p>\n<p><a href=\"http:\/\/www.gite-alsace-relaisdesvignes.com\/wp-content\/uploads\/2018\/01\/region_1.jpg\"><img decoding=\"async\" loading=\"lazy\" class=\"alignnone size-full wp-image-1602\" src=\"http:\/\/www.gite-alsace-relaisdesvignes.com\/wp-content\/uploads\/2018\/01\/region_1.jpg\" alt=\"\" width=\"1000\" height=\"750\" srcset=\"https:\/\/www.gite-alsace-relaisdesvignes.com\/wp-content\/uploads\/2018\/01\/region_1.jpg 1000w, https:\/\/www.gite-alsace-relaisdesvignes.com\/wp-content\/uploads\/2018\/01\/region_1-300x225.jpg 300w, https:\/\/www.gite-alsace-relaisdesvignes.com\/wp-content\/uploads\/2018\/01\/region_1-768x576.jpg 768w\" sizes=\"(max-width: 767px) 89vw, (max-width: 1000px) 54vw, (max-width: 1071px) 543px, 580px\" \/><\/a><\/p>","protected":false},"excerpt":{"rendered":"<p>Nos vignes Profitez de votre temps de s\u00e9jour dans nos gites, pour vous promener dans notre belle campagne, visitez quelques caves viticoles et pourquoi pas un pique-nique improvis\u00e9 dans les vignes avec les Vosges ou la For\u00eat Noire pour horizon. La neige Notre belle Alsace vous offre aussi le loisir de profiter de la neige &hellip; <\/p>\n<p class=\"link-more\"><a href=\"https:\/\/www.gite-alsace-relaisdesvignes.com\/de\/region-gite-alsace-location\/\" class=\"more-link\"><span class=\"screen-reader-text\">\u201eLa r\u00e9gion\u201c<\/span> weiterlesen<\/a><\/p>\n","protected":false},"author":1,"featured_media":0,"parent":0,"menu_order":6,"comment_status":"closed","ping_status":"closed","template":"","meta":{"_mi_skip_tracking":false},"yoast_head":"<!-- This site is optimized with the Yoast SEO plugin v18.2 - https:\/\/yoast.com\/wordpress\/plugins\/seo\/ -->\n<title>Les g\u00eetes du Relais des Vignes Kintzheim Alsace Route des Vins<\/title>\n<meta name=\"robots\" content=\"index, follow, max-snippet:-1, max-image-preview:large, max-video-preview:-1\" \/>\n<link rel=\"canonical\" href=\"https:\/\/www.gite-alsace-relaisdesvignes.com\/region-gite-alsace-location\/\" \/>\n<meta property=\"og:locale\" content=\"de_DE\" \/>\n<meta property=\"og:type\" content=\"article\" \/>\n<meta property=\"og:title\" content=\"Les g\u00eetes du Relais des Vignes Kintzheim Alsace Route des Vins\" \/>\n<meta property=\"og:description\" content=\"Nos vignes Profitez de votre temps de s\u00e9jour dans nos gites, pour vous promener dans notre belle campagne, visitez quelques caves viticoles et pourquoi pas un pique-nique improvis\u00e9 dans les vignes avec les Vosges ou la For\u00eat Noire pour horizon. La neige Notre belle Alsace vous offre aussi le loisir de profiter de la neige &hellip; \u201eLa r\u00e9gion\u201c weiterlesen\" \/>\n<meta property=\"og:url\" content=\"https:\/\/www.gite-alsace-relaisdesvignes.com\/region-gite-alsace-location\/\" \/>\n<meta property=\"og:site_name\" content=\"Les G\u00eetes du Relais des Vignes en alsace\" \/>\n<meta property=\"article:modified_time\" content=\"2021-04-09T19:13:52+00:00\" \/>\n<meta property=\"og:image\" content=\"http:\/\/www.gite-alsace-relaisdesvignes.com\/wp-content\/uploads\/2018\/01\/region_8.jpg\" \/>\n<meta name=\"twitter:card\" content=\"summary_large_image\" \/>\n<meta name=\"twitter:label1\" content=\"Gesch\u00e4tzte Lesezeit\" \/>\n\t<meta name=\"twitter:data1\" content=\"5\u00a0Minuten\" \/>\n<script type=\"application\/ld+json\" class=\"yoast-schema-graph\">{\"@context\":\"https:\/\/schema.org\",\"@graph\":[{\"@type\":[\"Person\",\"Organization\"],\"@id\":\"https:\/\/www.gite-alsace-relaisdesvignes.com\/#\/schema\/person\/d726786a9dfcf63a2ae9430a72cd2cba\",\"name\":\"AdminKA-2018\",\"logo\":{\"@id\":\"https:\/\/www.gite-alsace-relaisdesvignes.com\/#personlogo\"}},{\"@type\":\"WebSite\",\"@id\":\"https:\/\/www.gite-alsace-relaisdesvignes.com\/#website\",\"url\":\"https:\/\/www.gite-alsace-relaisdesvignes.com\/\",\"name\":\"Les G\u00eetes du Relais des Vignes en alsace\",\"description\":\"Kintzheim\",\"publisher\":{\"@id\":\"https:\/\/www.gite-alsace-relaisdesvignes.com\/#\/schema\/person\/d726786a9dfcf63a2ae9430a72cd2cba\"},\"potentialAction\":[{\"@type\":\"SearchAction\",\"target\":{\"@type\":\"EntryPoint\",\"urlTemplate\":\"https:\/\/www.gite-alsace-relaisdesvignes.com\/?s={search_term_string}\"},\"query-input\":\"required name=search_term_string\"}],\"inLanguage\":\"de\"},{\"@type\":\"ImageObject\",\"@id\":\"https:\/\/www.gite-alsace-relaisdesvignes.com\/region-gite-alsace-location\/#primaryimage\",\"inLanguage\":\"de\",\"url\":\"http:\/\/www.gite-alsace-relaisdesvignes.com\/wp-content\/uploads\/2018\/01\/region_8.jpg\",\"contentUrl\":\"http:\/\/www.gite-alsace-relaisdesvignes.com\/wp-content\/uploads\/2018\/01\/region_8.jpg\"},{\"@type\":\"WebPage\",\"@id\":\"https:\/\/www.gite-alsace-relaisdesvignes.com\/region-gite-alsace-location\/#webpage\",\"url\":\"https:\/\/www.gite-alsace-relaisdesvignes.com\/region-gite-alsace-location\/\",\"name\":\"Les g\u00eetes du Relais des Vignes Kintzheim Alsace Route des Vins\",\"isPartOf\":{\"@id\":\"https:\/\/www.gite-alsace-relaisdesvignes.com\/#website\"},\"primaryImageOfPage\":{\"@id\":\"https:\/\/www.gite-alsace-relaisdesvignes.com\/region-gite-alsace-location\/#primaryimage\"},\"datePublished\":\"2017-09-13T13:20:23+00:00\",\"dateModified\":\"2021-04-09T19:13:52+00:00\",\"breadcrumb\":{\"@id\":\"https:\/\/www.gite-alsace-relaisdesvignes.com\/region-gite-alsace-location\/#breadcrumb\"},\"inLanguage\":\"de\",\"potentialAction\":[{\"@type\":\"ReadAction\",\"target\":[\"https:\/\/www.gite-alsace-relaisdesvignes.com\/region-gite-alsace-location\/\"]}]},{\"@type\":\"BreadcrumbList\",\"@id\":\"https:\/\/www.gite-alsace-relaisdesvignes.com\/region-gite-alsace-location\/#breadcrumb\",\"itemListElement\":[{\"@type\":\"ListItem\",\"position\":1,\"name\":\"Accueil\",\"item\":\"https:\/\/www.gite-alsace-relaisdesvignes.com\/\"},{\"@type\":\"ListItem\",\"position\":2,\"name\":\"La r\u00e9gion\"}]}]}<\/script>\n<!-- \/ Yoast SEO plugin. -->","yoast_head_json":{"title":"Les g\u00eetes du Relais des Vignes Kintzheim Alsace Route des Vins","robots":{"index":"index","follow":"follow","max-snippet":"max-snippet:-1","max-image-preview":"max-image-preview:large","max-video-preview":"max-video-preview:-1"},"canonical":"https:\/\/www.gite-alsace-relaisdesvignes.com\/region-gite-alsace-location\/","og_locale":"de_DE","og_type":"article","og_title":"Les g\u00eetes du Relais des Vignes Kintzheim Alsace Route des Vins","og_description":"Nos vignes Profitez de votre temps de s\u00e9jour dans nos gites, pour vous promener dans notre belle campagne, visitez quelques caves viticoles et pourquoi pas un pique-nique improvis\u00e9 dans les vignes avec les Vosges ou la For\u00eat Noire pour horizon. La neige Notre belle Alsace vous offre aussi le loisir de profiter de la neige &hellip; \u201eLa r\u00e9gion\u201c weiterlesen","og_url":"https:\/\/www.gite-alsace-relaisdesvignes.com\/region-gite-alsace-location\/","og_site_name":"Les G\u00eetes du Relais des Vignes en alsace","article_modified_time":"2021-04-09T19:13:52+00:00","og_image":[{"url":"http:\/\/www.gite-alsace-relaisdesvignes.com\/wp-content\/uploads\/2018\/01\/region_8.jpg"}],"twitter_card":"summary_large_image","twitter_misc":{"Gesch\u00e4tzte Lesezeit":"5\u00a0Minuten"},"schema":{"@context":"https:\/\/schema.org","@graph":[{"@type":["Person","Organization"],"@id":"https:\/\/www.gite-alsace-relaisdesvignes.com\/#\/schema\/person\/d726786a9dfcf63a2ae9430a72cd2cba","name":"AdminKA-2018","logo":{"@id":"https:\/\/www.gite-alsace-relaisdesvignes.com\/#personlogo"}},{"@type":"WebSite","@id":"https:\/\/www.gite-alsace-relaisdesvignes.com\/#website","url":"https:\/\/www.gite-alsace-relaisdesvignes.com\/","name":"Les G\u00eetes du Relais des Vignes en alsace","description":"Kintzheim","publisher":{"@id":"https:\/\/www.gite-alsace-relaisdesvignes.com\/#\/schema\/person\/d726786a9dfcf63a2ae9430a72cd2cba"},"potentialAction":[{"@type":"SearchAction","target":{"@type":"EntryPoint","urlTemplate":"https:\/\/www.gite-alsace-relaisdesvignes.com\/?s={search_term_string}"},"query-input":"required name=search_term_string"}],"inLanguage":"de"},{"@type":"ImageObject","@id":"https:\/\/www.gite-alsace-relaisdesvignes.com\/region-gite-alsace-location\/#primaryimage","inLanguage":"de","url":"http:\/\/www.gite-alsace-relaisdesvignes.com\/wp-content\/uploads\/2018\/01\/region_8.jpg","contentUrl":"http:\/\/www.gite-alsace-relaisdesvignes.com\/wp-content\/uploads\/2018\/01\/region_8.jpg"},{"@type":"WebPage","@id":"https:\/\/www.gite-alsace-relaisdesvignes.com\/region-gite-alsace-location\/#webpage","url":"https:\/\/www.gite-alsace-relaisdesvignes.com\/region-gite-alsace-location\/","name":"Les g\u00eetes du Relais des Vignes Kintzheim Alsace Route des Vins","isPartOf":{"@id":"https:\/\/www.gite-alsace-relaisdesvignes.com\/#website"},"primaryImageOfPage":{"@id":"https:\/\/www.gite-alsace-relaisdesvignes.com\/region-gite-alsace-location\/#primaryimage"},"datePublished":"2017-09-13T13:20:23+00:00","dateModified":"2021-04-09T19:13:52+00:00","breadcrumb":{"@id":"https:\/\/www.gite-alsace-relaisdesvignes.com\/region-gite-alsace-location\/#breadcrumb"},"inLanguage":"de","potentialAction":[{"@type":"ReadAction","target":["https:\/\/www.gite-alsace-relaisdesvignes.com\/region-gite-alsace-location\/"]}]},{"@type":"BreadcrumbList","@id":"https:\/\/www.gite-alsace-relaisdesvignes.com\/region-gite-alsace-location\/#breadcrumb","itemListElement":[{"@type":"ListItem","position":1,"name":"Accueil","item":"https:\/\/www.gite-alsace-relaisdesvignes.com\/"},{"@type":"ListItem","position":2,"name":"La r\u00e9gion"}]}]}},"_links":{"self":[{"href":"https:\/\/www.gite-alsace-relaisdesvignes.com\/de\/wp-json\/wp\/v2\/pages\/1180"}],"collection":[{"href":"https:\/\/www.gite-alsace-relaisdesvignes.com\/de\/wp-json\/wp\/v2\/pages"}],"about":[{"href":"https:\/\/www.gite-alsace-relaisdesvignes.com\/de\/wp-json\/wp\/v2\/types\/page"}],"author":[{"embeddable":true,"href":"https:\/\/www.gite-alsace-relaisdesvignes.com\/de\/wp-json\/wp\/v2\/users\/1"}],"replies":[{"embeddable":true,"href":"https:\/\/www.gite-alsace-relaisdesvignes.com\/de\/wp-json\/wp\/v2\/comments?post=1180"}],"version-history":[{"count":22,"href":"https:\/\/www.gite-alsace-relaisdesvignes.com\/de\/wp-json\/wp\/v2\/pages\/1180\/revisions"}],"predecessor-version":[{"id":2658,"href":"https:\/\/www.gite-alsace-relaisdesvignes.com\/de\/wp-json\/wp\/v2\/pages\/1180\/revisions\/2658"}],"wp:attachment":[{"href":"https:\/\/www.gite-alsace-relaisdesvignes.com\/de\/wp-json\/wp\/v2\/media?parent=1180"}],"curies":[{"name":"wp","href":"https:\/\/api.w.org\/{rel}","templated":true}]}}