{"id":1185,"date":"2017-09-13T15:21:32","date_gmt":"2017-09-13T13:21:32","guid":{"rendered":"http:\/\/www.aides-info.fr\/EPICES\/?page_id=1185"},"modified":"2021-04-09T21:13:52","modified_gmt":"2021-04-09T19:13:52","slug":"tarifs","status":"publish","type":"page","link":"https:\/\/www.gite-alsace-relaisdesvignes.com\/de\/tarifs\/","title":{"rendered":"Tarifs"},"content":{"rendered":"<p>[table &#8220;1&#8221; not found \/]<br \/>\n<\/p>\n<p>&nbsp;<\/p>\n\n<table id=\"tablepress-2-no-3\" class=\"tablepress tablepress-id-2\">\n<thead>\n<tr class=\"row-1\">\n\t<th class=\"column-1\">MUSCAT 70 M2 - 2-4 pers.<\/th><th class=\"column-2\">Tarifs nuit\u00e9e<\/th><th class=\"column-3\">Tarifs Semaine<\/th>\n<\/tr>\n<\/thead>\n<tbody class=\"row-hover\">\n<tr class=\"row-2\">\n\t<td class=\"column-1\">Et\u00e9 <\/td><td class=\"column-2\">Uniquement \u00e0 la semaine<\/td><td class=\"column-3\">490 \u20ac \/2 pers.<br \/>\n690 \u20ac \/4 pers.<br \/>\n<\/td>\n<\/tr>\n<tr class=\"row-3\">\n\t<td colspan=\"3\" class=\"column-1\">05\/07 au 29\/08<br \/>\n<\/td>\n<\/tr>\n<tr class=\"row-4\">\n\t<td class=\"column-1\">Moyenne Saison<\/td><td class=\"column-2\">90 \u20ac \/ 2 pers.<br \/>\n110 \u20ac \/ 4 pers.<br \/>\n<\/td><td class=\"column-3\">415 \u20ac \/ 2 pers.<br \/>\n550 \u20ac \/ 4 pers.<\/td>\n<\/tr>\n<tr class=\"row-5\">\n\t<td colspan=\"3\" class=\"column-1\">21\/03 au 04\/07<br \/>\n30\/08 au 28\/11<\/td>\n<\/tr>\n<tr class=\"row-6\">\n\t<td class=\"column-1\">March\u00e9s de No\u00ebl<\/td><td class=\"column-2\">90 \u20ac \/ 2 pers.<br \/>\n110 \u20ac \/ 4 pers.<br \/>\n<\/td><td class=\"column-3\">630 \u20ac \/ 2 pers.<br \/>\n770 \u20ac \/ 4 pers.<\/td>\n<\/tr>\n<tr class=\"row-7\">\n\t<td colspan=\"3\" class=\"column-1\">29\/11 au 02\/01\/2026<\/td>\n<\/tr>\n<\/tbody>\n<\/table>\n\n<p>&nbsp;<\/p>\n\n<table id=\"tablepress-3-no-3\" class=\"tablepress tablepress-id-3\">\n<thead>\n<tr class=\"row-1\">\n\t<th class=\"column-1\">SYLVANER 45M2 - 2 pers.<\/th><th class=\"column-2\">Tarifs nuit\u00e9e<\/th><th class=\"column-3\">Tarifs Semaine<\/th>\n<\/tr>\n<\/thead>\n<tbody class=\"row-hover\">\n<tr class=\"row-2\">\n\t<td class=\"column-1\">Et\u00e9<\/td><td class=\"column-2\">85 \u20ac<br \/>\n<br \/>\n<\/td><td class=\"column-3\">450 \u20ac<\/td>\n<\/tr>\n<tr class=\"row-3\">\n\t<td colspan=\"3\" class=\"column-1\">05\/07 au 29\/08<\/td>\n<\/tr>\n<tr class=\"row-4\">\n\t<td class=\"column-1\">Moyenne Saison<\/td><td class=\"column-2\">80\u20ac<\/td><td class=\"column-3\">385 \u20ac<\/td>\n<\/tr>\n<tr class=\"row-5\">\n\t<td colspan=\"3\" class=\"column-1\">21\/03 au 04\/07<br \/>\n30\/08 au 28\/11<\/td>\n<\/tr>\n<tr class=\"row-6\">\n\t<td class=\"column-1\">March\u00e9s de No\u00ebl<\/td><td class=\"column-2\">90 \u20ac<br \/>\n<\/td><td class=\"column-3\">525 \u20ac<\/td>\n<\/tr>\n<tr class=\"row-7\">\n\t<td colspan=\"3\" class=\"column-1\">29\/11 au 02\/01\/2026<\/td>\n<\/tr>\n<\/tbody>\n<\/table>\n\n<p>&nbsp;<\/p>\n\n<table id=\"tablepress-4-no-3\" class=\"tablepress tablepress-id-4\">\n<thead>\n<tr class=\"row-1\">\n\t<th class=\"column-1\">MAISON COMPLETE <br \/>\n<br \/>\n110 M2 - 6-8 pers.<\/th><th class=\"column-2\">Tarifs nuit\u00e9e<\/th><th class=\"column-3\">Tarif Semaine<\/th>\n<\/tr>\n<\/thead>\n<tbody class=\"row-hover\">\n<tr class=\"row-2\">\n\t<td class=\"column-1\">Et\u00e9<\/td><td class=\"column-2\">180 \u20ac<\/td><td class=\"column-3\">1120 \u20ac<\/td>\n<\/tr>\n<tr class=\"row-3\">\n\t<td class=\"column-1\">05\/07 au 29\/08<br \/>\n<\/td><td class=\"column-2\"><\/td><td class=\"column-3\"><\/td>\n<\/tr>\n<tr class=\"row-4\">\n\t<td class=\"column-1\">Moyenne saison<\/td><td class=\"column-2\">160 \u20ac<\/td><td class=\"column-3\">980 \u20ac<\/td>\n<\/tr>\n<tr class=\"row-5\">\n\t<td class=\"column-1\">21\/03 au 04\/07<br \/>\n30\/08 au 28\/11<br \/>\n<\/td><td class=\"column-2\"><\/td><td class=\"column-3\"><\/td>\n<\/tr>\n<tr class=\"row-6\">\n\t<td class=\"column-1\">March\u00e9s de No\u00ebl<\/td><td class=\"column-2\">200 \u20ac<\/td><td class=\"column-3\">1260 \u20ac<\/td>\n<\/tr>\n<tr class=\"row-7\">\n\t<td class=\"column-1\">29\/11 au 02\/01\/2026<\/td><td class=\"column-2\"><\/td><td class=\"column-3\"><\/td>\n<\/tr>\n<\/tbody>\n<\/table>\n\n<p>&nbsp;<\/p>\n\n<table id=\"tablepress-5-no-3\" class=\"tablepress tablepress-id-5\">\n<thead>\n<tr class=\"row-1\">\n\t<th class=\"column-1\">OPTIONS<\/th><th class=\"column-2\">&nbsp;<\/th><th class=\"column-3\">&nbsp;<\/th>\n<\/tr>\n<\/thead>\n<tbody class=\"row-hover\">\n<tr class=\"row-2\">\n\t<td class=\"column-1\">Locations draps et linge de toilette (par semaine et par personne)<\/td><td class=\"column-2\"><\/td><td class=\"column-3\">10 \u20ac \/ personne<br \/>\n<\/td>\n<\/tr>\n<tr class=\"row-3\">\n\t<td class=\"column-1\"><\/td><td colspan=\"2\" class=\"column-2\"><\/td>\n<\/tr>\n<tr class=\"row-4\">\n\t<td class=\"column-1\">M\u00e9nage fin de s\u00e9jour <\/td><td class=\"column-2\"><\/td><td class=\"column-3\">Muscat : 40\u20ac<br \/>\nSylvaner : 30\u20ac<br \/>\nMaison compl\u00e8te : 60 \u20ac<br \/>\n<\/td>\n<\/tr>\n<tr class=\"row-5\">\n\t<td class=\"column-1\"><\/td><td colspan=\"2\" class=\"column-2\"><\/td>\n<\/tr>\n<\/tbody>\n<\/table>\n\n<p>&nbsp;<\/p>\n\n<table id=\"tablepress-6-no-3\" class=\"tablepress tablepress-id-6\">\n<thead>\n<tr class=\"row-1\">\n\t<th class=\"column-1\">SUPPLEMENTS<\/th><th class=\"column-2\">&nbsp;<\/th><th class=\"column-3\">&nbsp;<\/th>\n<\/tr>\n<\/thead>\n<tbody class=\"row-hover\">\n<tr class=\"row-2\">\n\t<td class=\"column-1\">Suppl\u00e9ment chauffage (du 01\/10 au 15\/04)<\/td><td class=\"column-2\"><\/td><td class=\"column-3\">Sylvaner\u00a0: 30\u20ac<br \/>\nMuscat : 40\u20ac<br \/>\nMaison compl\u00e8te : 50 \u20ac<br \/>\n<\/td>\n<\/tr>\n<tr class=\"row-3\">\n\t<td class=\"column-1\"><\/td><td class=\"column-2\"><\/td><td class=\"column-3\"><\/td>\n<\/tr>\n<tr class=\"row-4\">\n\t<td class=\"column-1\">Caution<br \/>\n<br \/>\nTaxe de s\u00e9jour (par personne et par nuit\u00e9e). Uniquement pour les adultes<br \/>\n<br \/>\n<br \/>\n<br \/>\n<br \/>\nSuppl\u00e9ment animal <br \/>\nde compagnie          <\/td><td class=\"column-2\"><\/td><td class=\"column-3\">Muscat : 400\u20ac<br \/>\nSylvaner : 300\u20ac<br \/>\nMaison compl\u00e8te : 500 \u20ac<br \/>\n<br \/>\nMuscat et Sylvaner\u00a0: 1.76 \u20ac<br \/>\n<br \/>\n<br \/>\n<br \/>\n15 \u20ac<\/td>\n<\/tr>\n<tr class=\"row-5\">\n\t<td class=\"column-1\"><\/td><td colspan=\"2\" class=\"column-2\"><\/td>\n<\/tr>\n<\/tbody>\n<\/table>\n\n<p>&nbsp;<\/p>\n<h1><a href=\"http:\/\/http:\/\/www.gite-alsace-relaisdesvignes.com\/wp-content\/uploads\/2018\/03\/cdtrdv.pdf\" target=\"_blank\" rel=\"noopener\">T\u00e9l\u00e9chargez nos conditions g\u00e9n\u00e9rales de vente<\/a><\/h1>\n<p><\/p>","protected":false},"excerpt":{"rendered":"<p>&nbsp; &nbsp; &nbsp; &nbsp; &nbsp; &nbsp; T\u00e9l\u00e9chargez nos conditions g\u00e9n\u00e9rales de vente<\/p>\n","protected":false},"author":1,"featured_media":0,"parent":0,"menu_order":11,"comment_status":"closed","ping_status":"closed","template":"","meta":{"_mi_skip_tracking":false},"yoast_head":"<!-- This site is optimized with the Yoast SEO plugin v18.2 - https:\/\/yoast.com\/wordpress\/plugins\/seo\/ -->\n<title>Tarifs - Les G\u00eetes du Relais des Vignes en alsace<\/title>\n<meta name=\"robots\" content=\"index, follow, max-snippet:-1, max-image-preview:large, max-video-preview:-1\" \/>\n<link rel=\"canonical\" href=\"https:\/\/www.gite-alsace-relaisdesvignes.com\/tarifs\/\" \/>\n<meta property=\"og:locale\" content=\"de_DE\" \/>\n<meta property=\"og:type\" content=\"article\" \/>\n<meta property=\"og:title\" content=\"Tarifs - Les G\u00eetes du Relais des Vignes en alsace\" \/>\n<meta property=\"og:description\" content=\"&nbsp; &nbsp; &nbsp; &nbsp; &nbsp; &nbsp; T\u00e9l\u00e9chargez nos conditions g\u00e9n\u00e9rales de vente\" \/>\n<meta property=\"og:url\" content=\"https:\/\/www.gite-alsace-relaisdesvignes.com\/tarifs\/\" \/>\n<meta property=\"og:site_name\" content=\"Les G\u00eetes du Relais des Vignes en alsace\" \/>\n<meta property=\"article:modified_time\" content=\"2021-04-09T19:13:52+00:00\" \/>\n<meta name=\"twitter:card\" content=\"summary_large_image\" \/>\n<script type=\"application\/ld+json\" class=\"yoast-schema-graph\">{\"@context\":\"https:\/\/schema.org\",\"@graph\":[{\"@type\":[\"Person\",\"Organization\"],\"@id\":\"https:\/\/www.gite-alsace-relaisdesvignes.com\/#\/schema\/person\/d726786a9dfcf63a2ae9430a72cd2cba\",\"name\":\"AdminKA-2018\",\"logo\":{\"@id\":\"https:\/\/www.gite-alsace-relaisdesvignes.com\/#personlogo\"}},{\"@type\":\"WebSite\",\"@id\":\"https:\/\/www.gite-alsace-relaisdesvignes.com\/#website\",\"url\":\"https:\/\/www.gite-alsace-relaisdesvignes.com\/\",\"name\":\"Les G\u00eetes du Relais des Vignes en alsace\",\"description\":\"Kintzheim\",\"publisher\":{\"@id\":\"https:\/\/www.gite-alsace-relaisdesvignes.com\/#\/schema\/person\/d726786a9dfcf63a2ae9430a72cd2cba\"},\"potentialAction\":[{\"@type\":\"SearchAction\",\"target\":{\"@type\":\"EntryPoint\",\"urlTemplate\":\"https:\/\/www.gite-alsace-relaisdesvignes.com\/?s={search_term_string}\"},\"query-input\":\"required name=search_term_string\"}],\"inLanguage\":\"de\"},{\"@type\":\"WebPage\",\"@id\":\"https:\/\/www.gite-alsace-relaisdesvignes.com\/tarifs\/#webpage\",\"url\":\"https:\/\/www.gite-alsace-relaisdesvignes.com\/tarifs\/\",\"name\":\"Tarifs - Les G\u00eetes du Relais des Vignes en alsace\",\"isPartOf\":{\"@id\":\"https:\/\/www.gite-alsace-relaisdesvignes.com\/#website\"},\"datePublished\":\"2017-09-13T13:21:32+00:00\",\"dateModified\":\"2021-04-09T19:13:52+00:00\",\"breadcrumb\":{\"@id\":\"https:\/\/www.gite-alsace-relaisdesvignes.com\/tarifs\/#breadcrumb\"},\"inLanguage\":\"de\",\"potentialAction\":[{\"@type\":\"ReadAction\",\"target\":[\"https:\/\/www.gite-alsace-relaisdesvignes.com\/tarifs\/\"]}]},{\"@type\":\"BreadcrumbList\",\"@id\":\"https:\/\/www.gite-alsace-relaisdesvignes.com\/tarifs\/#breadcrumb\",\"itemListElement\":[{\"@type\":\"ListItem\",\"position\":1,\"name\":\"Accueil\",\"item\":\"https:\/\/www.gite-alsace-relaisdesvignes.com\/\"},{\"@type\":\"ListItem\",\"position\":2,\"name\":\"Tarifs\"}]}]}<\/script>\n<!-- \/ Yoast SEO plugin. -->","yoast_head_json":{"title":"Tarifs - Les G\u00eetes du Relais des Vignes en alsace","robots":{"index":"index","follow":"follow","max-snippet":"max-snippet:-1","max-image-preview":"max-image-preview:large","max-video-preview":"max-video-preview:-1"},"canonical":"https:\/\/www.gite-alsace-relaisdesvignes.com\/tarifs\/","og_locale":"de_DE","og_type":"article","og_title":"Tarifs - Les G\u00eetes du Relais des Vignes en alsace","og_description":"&nbsp; &nbsp; &nbsp; &nbsp; &nbsp; &nbsp; T\u00e9l\u00e9chargez nos conditions g\u00e9n\u00e9rales de vente","og_url":"https:\/\/www.gite-alsace-relaisdesvignes.com\/tarifs\/","og_site_name":"Les G\u00eetes du Relais des Vignes en alsace","article_modified_time":"2021-04-09T19:13:52+00:00","twitter_card":"summary_large_image","schema":{"@context":"https:\/\/schema.org","@graph":[{"@type":["Person","Organization"],"@id":"https:\/\/www.gite-alsace-relaisdesvignes.com\/#\/schema\/person\/d726786a9dfcf63a2ae9430a72cd2cba","name":"AdminKA-2018","logo":{"@id":"https:\/\/www.gite-alsace-relaisdesvignes.com\/#personlogo"}},{"@type":"WebSite","@id":"https:\/\/www.gite-alsace-relaisdesvignes.com\/#website","url":"https:\/\/www.gite-alsace-relaisdesvignes.com\/","name":"Les G\u00eetes du Relais des Vignes en alsace","description":"Kintzheim","publisher":{"@id":"https:\/\/www.gite-alsace-relaisdesvignes.com\/#\/schema\/person\/d726786a9dfcf63a2ae9430a72cd2cba"},"potentialAction":[{"@type":"SearchAction","target":{"@type":"EntryPoint","urlTemplate":"https:\/\/www.gite-alsace-relaisdesvignes.com\/?s={search_term_string}"},"query-input":"required name=search_term_string"}],"inLanguage":"de"},{"@type":"WebPage","@id":"https:\/\/www.gite-alsace-relaisdesvignes.com\/tarifs\/#webpage","url":"https:\/\/www.gite-alsace-relaisdesvignes.com\/tarifs\/","name":"Tarifs - Les G\u00eetes du Relais des Vignes en alsace","isPartOf":{"@id":"https:\/\/www.gite-alsace-relaisdesvignes.com\/#website"},"datePublished":"2017-09-13T13:21:32+00:00","dateModified":"2021-04-09T19:13:52+00:00","breadcrumb":{"@id":"https:\/\/www.gite-alsace-relaisdesvignes.com\/tarifs\/#breadcrumb"},"inLanguage":"de","potentialAction":[{"@type":"ReadAction","target":["https:\/\/www.gite-alsace-relaisdesvignes.com\/tarifs\/"]}]},{"@type":"BreadcrumbList","@id":"https:\/\/www.gite-alsace-relaisdesvignes.com\/tarifs\/#breadcrumb","itemListElement":[{"@type":"ListItem","position":1,"name":"Accueil","item":"https:\/\/www.gite-alsace-relaisdesvignes.com\/"},{"@type":"ListItem","position":2,"name":"Tarifs"}]}]}},"_links":{"self":[{"href":"https:\/\/www.gite-alsace-relaisdesvignes.com\/de\/wp-json\/wp\/v2\/pages\/1185"}],"collection":[{"href":"https:\/\/www.gite-alsace-relaisdesvignes.com\/de\/wp-json\/wp\/v2\/pages"}],"about":[{"href":"https:\/\/www.gite-alsace-relaisdesvignes.com\/de\/wp-json\/wp\/v2\/types\/page"}],"author":[{"embeddable":true,"href":"https:\/\/www.gite-alsace-relaisdesvignes.com\/de\/wp-json\/wp\/v2\/users\/1"}],"replies":[{"embeddable":true,"href":"https:\/\/www.gite-alsace-relaisdesvignes.com\/de\/wp-json\/wp\/v2\/comments?post=1185"}],"version-history":[{"count":2,"href":"https:\/\/www.gite-alsace-relaisdesvignes.com\/de\/wp-json\/wp\/v2\/pages\/1185\/revisions"}],"predecessor-version":[{"id":2490,"href":"https:\/\/www.gite-alsace-relaisdesvignes.com\/de\/wp-json\/wp\/v2\/pages\/1185\/revisions\/2490"}],"wp:attachment":[{"href":"https:\/\/www.gite-alsace-relaisdesvignes.com\/de\/wp-json\/wp\/v2\/media?parent=1185"}],"curies":[{"name":"wp","href":"https:\/\/api.w.org\/{rel}","templated":true}]}}