{"id":1350,"date":"2018-01-08T08:15:13","date_gmt":"2018-01-08T08:15:13","guid":{"rendered":"http:\/\/www.aides-info.fr\/EPICES\/?page_id=1350"},"modified":"2023-04-05T14:39:56","modified_gmt":"2023-04-05T12:39:56","slug":"gite-sylvaner-accueil","status":"publish","type":"page","link":"https:\/\/www.gite-alsace-relaisdesvignes.com\/de\/gite-sylvaner-accueil\/","title":{"rendered":"G\u00eete Sylvaner"},"content":{"rendered":"<p><div class='content-column two_third'><img decoding=\"async\" loading=\"lazy\" class=\"alignnone size-full wp-image-1347\" src=\"http:\/\/www.gite-alsace-relaisdesvignes.com\/wp-content\/uploads\/2018\/01\/montage-photo-sylvaner.jpg\" alt=\"\" width=\"640\" height=\"360\" \/><\/div><\/p>\n<p><div class='content-column one_third'>G\u00eete : <strong>Meubl\u00e9 de tourisme class\u00e9 3 *** Etoiles 4 personnes.<\/strong><\/p>\n<p>Situ\u00e9 au 1er \u00e9tage d\u2019une maison ind\u00e9pendante situ\u00e9e \u00e0 cot\u00e9 de celle des propri\u00e9taires<\/p>\n<p>2 pi\u00e8ces dont un salon avec cuisine \u00e9quip\u00e9e, et une chambre, Salle d&#8217;eau \u00e9quip\u00e9e<\/p>\n<p><a href=\"http:\/\/www.gite-alsace-relaisdesvignes.com\/les-gites\/gite-sylvaner\/\"><img decoding=\"async\" loading=\"lazy\" class=\"alignnone size-full wp-image-1743\" title=\"voir le descriptif\" src=\"http:\/\/www.gite-alsace-relaisdesvignes.com\/wp-content\/uploads\/2018\/01\/picto-descriptif.png\" alt=\"voir le descriptif\" width=\"50\" height=\"50\" srcset=\"https:\/\/www.gite-alsace-relaisdesvignes.com\/wp-content\/uploads\/2018\/01\/picto-descriptif.png 256w, https:\/\/www.gite-alsace-relaisdesvignes.com\/wp-content\/uploads\/2018\/01\/picto-descriptif-150x150.png 150w, https:\/\/www.gite-alsace-relaisdesvignes.com\/wp-content\/uploads\/2018\/01\/picto-descriptif-100x100.png 100w\" sizes=\"(max-width: 50px) 100vw, 50px\" \/> <\/a><a href=\"http:\/\/www.gite-alsace-relaisdesvignes.com\/les-gites\/gite-sylvaner#disponibilitesylvaner\"> <img decoding=\"async\" loading=\"lazy\" class=\"alignnone size-full wp-image-1744\" title=\"voir les disponibilit\u00e9s\" src=\"http:\/\/www.gite-alsace-relaisdesvignes.com\/wp-content\/uploads\/2018\/01\/picto-disponibilite.png\" alt=\"voir les disponibilit\u00e9s\" width=\"50\" height=\"50\" srcset=\"https:\/\/www.gite-alsace-relaisdesvignes.com\/wp-content\/uploads\/2018\/01\/picto-disponibilite.png 256w, https:\/\/www.gite-alsace-relaisdesvignes.com\/wp-content\/uploads\/2018\/01\/picto-disponibilite-150x150.png 150w, https:\/\/www.gite-alsace-relaisdesvignes.com\/wp-content\/uploads\/2018\/01\/picto-disponibilite-100x100.png 100w\" sizes=\"(max-width: 50px) 100vw, 50px\" \/><\/a><\/p><\/div><br \/>\n<div class='content-column full_width'>Beau g\u00eete renov\u00e9 avec poutres apparentes et entr\u00e9e ind\u00e9pendante de tr\u00e8s bon confort. Grande pi\u00e8ce principale avec Cuisine \u00e9quip\u00e9e (cuisini\u00e8re, lave-vaisselle, micro-onde, r\u00e9frig\u00e9rateur \u2013 cong\u00e9lateur), un coin salon avec t\u00e9l\u00e9vision LCD et une chambre (lit de 2 pers. de 140&#215;190). Salle d\u2019eau (douche, lavabo, WC et s\u00e8che-cheveux).<\/p>\n<p>La maison se trouve dans les vignes avec vue sur le ch\u00e2teau de Kintzheim (Volerie des aigles)<\/p><\/div><\/p>","protected":false},"excerpt":{"rendered":"","protected":false},"author":1,"featured_media":0,"parent":0,"menu_order":5,"comment_status":"closed","ping_status":"closed","template":"","meta":{"_mi_skip_tracking":false},"yoast_head":"<!-- This site is optimized with the Yoast SEO plugin v18.2 - https:\/\/yoast.com\/wordpress\/plugins\/seo\/ -->\n<title>G\u00eete Sylvaner au Relais des Vignes KIntzheim Alsace Route des Vins<\/title>\n<meta name=\"description\" content=\"D\u00e9couvrez notre g\u00eete Sylvaner id\u00e9alement situ\u00e9 au c\u0153ur de l&#039;Alsace et sur la route des vins \u00e0 proximit\u00e9 de nombreux villages touristiques.\" \/>\n<meta name=\"robots\" content=\"index, follow, max-snippet:-1, max-image-preview:large, max-video-preview:-1\" \/>\n<link rel=\"canonical\" href=\"https:\/\/www.gite-alsace-relaisdesvignes.com\/gite-sylvaner-accueil\/\" \/>\n<meta property=\"og:locale\" content=\"de_DE\" \/>\n<meta property=\"og:type\" content=\"article\" \/>\n<meta property=\"og:title\" content=\"G\u00eete Sylvaner au Relais des Vignes KIntzheim Alsace Route des Vins\" \/>\n<meta property=\"og:description\" content=\"D\u00e9couvrez notre g\u00eete Sylvaner id\u00e9alement situ\u00e9 au c\u0153ur de l&#039;Alsace et sur la route des vins \u00e0 proximit\u00e9 de nombreux villages touristiques.\" \/>\n<meta property=\"og:url\" content=\"https:\/\/www.gite-alsace-relaisdesvignes.com\/gite-sylvaner-accueil\/\" \/>\n<meta property=\"og:site_name\" content=\"Les G\u00eetes du Relais des Vignes en alsace\" \/>\n<meta property=\"article:modified_time\" content=\"2023-04-05T12:39:56+00:00\" \/>\n<meta property=\"og:image\" content=\"http:\/\/www.gite-alsace-relaisdesvignes.com\/wp-content\/uploads\/2019\/05\/gite-page-accueil-2019-sylvaner.jpg\" \/>\n<meta name=\"twitter:card\" content=\"summary_large_image\" \/>\n<meta name=\"twitter:label1\" content=\"Gesch\u00e4tzte Lesezeit\" \/>\n\t<meta name=\"twitter:data1\" content=\"4\u00a0Minuten\" \/>\n<script type=\"application\/ld+json\" class=\"yoast-schema-graph\">{\"@context\":\"https:\/\/schema.org\",\"@graph\":[{\"@type\":[\"Person\",\"Organization\"],\"@id\":\"https:\/\/www.gite-alsace-relaisdesvignes.com\/#\/schema\/person\/d726786a9dfcf63a2ae9430a72cd2cba\",\"name\":\"AdminKA-2018\",\"logo\":{\"@id\":\"https:\/\/www.gite-alsace-relaisdesvignes.com\/#personlogo\"}},{\"@type\":\"WebSite\",\"@id\":\"https:\/\/www.gite-alsace-relaisdesvignes.com\/#website\",\"url\":\"https:\/\/www.gite-alsace-relaisdesvignes.com\/\",\"name\":\"Les G\u00eetes du Relais des Vignes en alsace\",\"description\":\"Kintzheim\",\"publisher\":{\"@id\":\"https:\/\/www.gite-alsace-relaisdesvignes.com\/#\/schema\/person\/d726786a9dfcf63a2ae9430a72cd2cba\"},\"potentialAction\":[{\"@type\":\"SearchAction\",\"target\":{\"@type\":\"EntryPoint\",\"urlTemplate\":\"https:\/\/www.gite-alsace-relaisdesvignes.com\/?s={search_term_string}\"},\"query-input\":\"required name=search_term_string\"}],\"inLanguage\":\"de\"},{\"@type\":\"ImageObject\",\"@id\":\"https:\/\/www.gite-alsace-relaisdesvignes.com\/gite-sylvaner-accueil\/#primaryimage\",\"inLanguage\":\"de\",\"url\":\"http:\/\/www.gite-alsace-relaisdesvignes.com\/wp-content\/uploads\/2019\/05\/gite-page-accueil-2019-sylvaner.jpg\",\"contentUrl\":\"http:\/\/www.gite-alsace-relaisdesvignes.com\/wp-content\/uploads\/2019\/05\/gite-page-accueil-2019-sylvaner.jpg\"},{\"@type\":\"WebPage\",\"@id\":\"https:\/\/www.gite-alsace-relaisdesvignes.com\/gite-sylvaner-accueil\/#webpage\",\"url\":\"https:\/\/www.gite-alsace-relaisdesvignes.com\/gite-sylvaner-accueil\/\",\"name\":\"G\u00eete Sylvaner au Relais des Vignes KIntzheim Alsace Route des Vins\",\"isPartOf\":{\"@id\":\"https:\/\/www.gite-alsace-relaisdesvignes.com\/#website\"},\"primaryImageOfPage\":{\"@id\":\"https:\/\/www.gite-alsace-relaisdesvignes.com\/gite-sylvaner-accueil\/#primaryimage\"},\"datePublished\":\"2018-01-08T08:15:13+00:00\",\"dateModified\":\"2023-04-05T12:39:56+00:00\",\"description\":\"D\u00e9couvrez notre g\u00eete Sylvaner id\u00e9alement situ\u00e9 au c\u0153ur de l'Alsace et sur la route des vins \u00e0 proximit\u00e9 de nombreux villages touristiques.\",\"breadcrumb\":{\"@id\":\"https:\/\/www.gite-alsace-relaisdesvignes.com\/gite-sylvaner-accueil\/#breadcrumb\"},\"inLanguage\":\"de\",\"potentialAction\":[{\"@type\":\"ReadAction\",\"target\":[\"https:\/\/www.gite-alsace-relaisdesvignes.com\/gite-sylvaner-accueil\/\"]}]},{\"@type\":\"BreadcrumbList\",\"@id\":\"https:\/\/www.gite-alsace-relaisdesvignes.com\/gite-sylvaner-accueil\/#breadcrumb\",\"itemListElement\":[{\"@type\":\"ListItem\",\"position\":1,\"name\":\"Accueil\",\"item\":\"https:\/\/www.gite-alsace-relaisdesvignes.com\/\"},{\"@type\":\"ListItem\",\"position\":2,\"name\":\"G\u00eete Sylvaner\"}]}]}<\/script>\n<!-- \/ Yoast SEO plugin. -->","yoast_head_json":{"title":"G\u00eete Sylvaner au Relais des Vignes KIntzheim Alsace Route des Vins","description":"D\u00e9couvrez notre g\u00eete Sylvaner id\u00e9alement situ\u00e9 au c\u0153ur de l'Alsace et sur la route des vins \u00e0 proximit\u00e9 de nombreux villages touristiques.","robots":{"index":"index","follow":"follow","max-snippet":"max-snippet:-1","max-image-preview":"max-image-preview:large","max-video-preview":"max-video-preview:-1"},"canonical":"https:\/\/www.gite-alsace-relaisdesvignes.com\/gite-sylvaner-accueil\/","og_locale":"de_DE","og_type":"article","og_title":"G\u00eete Sylvaner au Relais des Vignes KIntzheim Alsace Route des Vins","og_description":"D\u00e9couvrez notre g\u00eete Sylvaner id\u00e9alement situ\u00e9 au c\u0153ur de l'Alsace et sur la route des vins \u00e0 proximit\u00e9 de nombreux villages touristiques.","og_url":"https:\/\/www.gite-alsace-relaisdesvignes.com\/gite-sylvaner-accueil\/","og_site_name":"Les G\u00eetes du Relais des Vignes en alsace","article_modified_time":"2023-04-05T12:39:56+00:00","og_image":[{"url":"http:\/\/www.gite-alsace-relaisdesvignes.com\/wp-content\/uploads\/2019\/05\/gite-page-accueil-2019-sylvaner.jpg"}],"twitter_card":"summary_large_image","twitter_misc":{"Gesch\u00e4tzte Lesezeit":"4\u00a0Minuten"},"schema":{"@context":"https:\/\/schema.org","@graph":[{"@type":["Person","Organization"],"@id":"https:\/\/www.gite-alsace-relaisdesvignes.com\/#\/schema\/person\/d726786a9dfcf63a2ae9430a72cd2cba","name":"AdminKA-2018","logo":{"@id":"https:\/\/www.gite-alsace-relaisdesvignes.com\/#personlogo"}},{"@type":"WebSite","@id":"https:\/\/www.gite-alsace-relaisdesvignes.com\/#website","url":"https:\/\/www.gite-alsace-relaisdesvignes.com\/","name":"Les G\u00eetes du Relais des Vignes en alsace","description":"Kintzheim","publisher":{"@id":"https:\/\/www.gite-alsace-relaisdesvignes.com\/#\/schema\/person\/d726786a9dfcf63a2ae9430a72cd2cba"},"potentialAction":[{"@type":"SearchAction","target":{"@type":"EntryPoint","urlTemplate":"https:\/\/www.gite-alsace-relaisdesvignes.com\/?s={search_term_string}"},"query-input":"required name=search_term_string"}],"inLanguage":"de"},{"@type":"ImageObject","@id":"https:\/\/www.gite-alsace-relaisdesvignes.com\/gite-sylvaner-accueil\/#primaryimage","inLanguage":"de","url":"http:\/\/www.gite-alsace-relaisdesvignes.com\/wp-content\/uploads\/2019\/05\/gite-page-accueil-2019-sylvaner.jpg","contentUrl":"http:\/\/www.gite-alsace-relaisdesvignes.com\/wp-content\/uploads\/2019\/05\/gite-page-accueil-2019-sylvaner.jpg"},{"@type":"WebPage","@id":"https:\/\/www.gite-alsace-relaisdesvignes.com\/gite-sylvaner-accueil\/#webpage","url":"https:\/\/www.gite-alsace-relaisdesvignes.com\/gite-sylvaner-accueil\/","name":"G\u00eete Sylvaner au Relais des Vignes KIntzheim Alsace Route des Vins","isPartOf":{"@id":"https:\/\/www.gite-alsace-relaisdesvignes.com\/#website"},"primaryImageOfPage":{"@id":"https:\/\/www.gite-alsace-relaisdesvignes.com\/gite-sylvaner-accueil\/#primaryimage"},"datePublished":"2018-01-08T08:15:13+00:00","dateModified":"2023-04-05T12:39:56+00:00","description":"D\u00e9couvrez notre g\u00eete Sylvaner id\u00e9alement situ\u00e9 au c\u0153ur de l'Alsace et sur la route des vins \u00e0 proximit\u00e9 de nombreux villages touristiques.","breadcrumb":{"@id":"https:\/\/www.gite-alsace-relaisdesvignes.com\/gite-sylvaner-accueil\/#breadcrumb"},"inLanguage":"de","potentialAction":[{"@type":"ReadAction","target":["https:\/\/www.gite-alsace-relaisdesvignes.com\/gite-sylvaner-accueil\/"]}]},{"@type":"BreadcrumbList","@id":"https:\/\/www.gite-alsace-relaisdesvignes.com\/gite-sylvaner-accueil\/#breadcrumb","itemListElement":[{"@type":"ListItem","position":1,"name":"Accueil","item":"https:\/\/www.gite-alsace-relaisdesvignes.com\/"},{"@type":"ListItem","position":2,"name":"G\u00eete Sylvaner"}]}]}},"_links":{"self":[{"href":"https:\/\/www.gite-alsace-relaisdesvignes.com\/de\/wp-json\/wp\/v2\/pages\/1350"}],"collection":[{"href":"https:\/\/www.gite-alsace-relaisdesvignes.com\/de\/wp-json\/wp\/v2\/pages"}],"about":[{"href":"https:\/\/www.gite-alsace-relaisdesvignes.com\/de\/wp-json\/wp\/v2\/types\/page"}],"author":[{"embeddable":true,"href":"https:\/\/www.gite-alsace-relaisdesvignes.com\/de\/wp-json\/wp\/v2\/users\/1"}],"replies":[{"embeddable":true,"href":"https:\/\/www.gite-alsace-relaisdesvignes.com\/de\/wp-json\/wp\/v2\/comments?post=1350"}],"version-history":[{"count":39,"href":"https:\/\/www.gite-alsace-relaisdesvignes.com\/de\/wp-json\/wp\/v2\/pages\/1350\/revisions"}],"predecessor-version":[{"id":2972,"href":"https:\/\/www.gite-alsace-relaisdesvignes.com\/de\/wp-json\/wp\/v2\/pages\/1350\/revisions\/2972"}],"wp:attachment":[{"href":"https:\/\/www.gite-alsace-relaisdesvignes.com\/de\/wp-json\/wp\/v2\/media?parent=1350"}],"curies":[{"name":"wp","href":"https:\/\/api.w.org\/{rel}","templated":true}]}}