{"id":1803,"date":"2018-02-12T13:26:22","date_gmt":"2018-02-12T13:26:22","guid":{"rendered":"http:\/\/www.aides-info.fr\/EPICES\/?page_id=1803"},"modified":"2021-04-09T21:13:52","modified_gmt":"2021-04-09T19:13:52","slug":"mentions-legales-relaisdesvignes-alsace","status":"publish","type":"page","link":"https:\/\/www.gite-alsace-relaisdesvignes.com\/de\/mentions-legales-relaisdesvignes-alsace\/","title":{"rendered":"Mentions L\u00e9gales"},"content":{"rendered":"<p><\/p>\n<h2>INFORMATIONS<\/h2>\n<h4>EDITEUR DU SITE<\/h4>\n<p>Gite Alsace Relais de Vignes<\/p>\n<p>M et Mme Kruger Alain<br \/>\n11, rue des chars<br \/>\n67600 KINTZHEIM<\/p>\n<p><a href=\"mailto:relaisdesvignes@dbmail.com\">relaisdesvignes@dbmail.com<\/a><\/p>\n<h4>CONDITIONS D\u2019UTILISATION<\/h4>\n<p>Le site accessible par l\u2019url suivant, <a href=\"https:\/\/www.gite-alsace-relaisdesvignes.com\/\">https:\/\/www.gite-alsace-relaisdesvignes.com\/ <\/a>est exploit\u00e9 dans le respect de la l\u00e9gislation fran\u00e7aise. L\u2019utilisation de ce site est r\u00e9gie par les pr\u00e9sentes conditions g\u00e9n\u00e9rales. En utilisant le site, vous reconnaissez avoir pris connaissance de ces conditions et les avoir accept\u00e9es. Celles-ci pourront \u00eatres modifi\u00e9es \u00e0 tout moment et sans pr\u00e9avis par <a href=\"https:\/\/www.gite-alsace-relaisdesvignes.com\/\">https:\/\/www.gite-alsace-relaisdesvignes.com\/<\/a><\/p>\n<p><a href=\"https:\/\/www.gite-alsace-relaisdesvignes.com\/\">https:\/\/www.gite-alsace-relaisdesvignes.com\/<\/a> ne saurait \u00eatre tenu pour responsable en aucune mani\u00e8re d\u2019une mauvaise utilisation du service.<\/p>\n<h4>RESPONSABLE EDITORIAL<\/h4>\n<p>Le directeur de la publication est<\/p>\n<p>M et Mme KRUGER Alain<br \/>\n<a href=\"mailto:relaisdesvignes@dbmail.com\">relaisdesvignes@dbmail.com<\/a><\/p>\n<h3>LIMITATION DES RESPONSABILITES<\/h3>\n<p>Les informations contenues sur ce site sont aussi pr\u00e9cises que possibles et le site est p\u00e9riodiquement remis \u00e0 jour, mais peut toutefois contenir des inexactitudes, des omissions ou des lacunes. Si vous constatez une lacune, erreur ou ce qui parait \u00eatre un dysfonctionnement, merci de bien vouloir le signaler \u00e0 <a href=\"mailto:relaisdesvignes@dbmail.com\">relaisdesvignes@dbmail.com<\/a> en d\u00e9crivant le probl\u00e8me de la mani\u00e8re la plus pr\u00e9cise possible (page posant probl\u00e8me, action d\u00e9clenchante, type d\u2019ordinateur et de navigateur utilis\u00e9, \u2026).<br \/>\nTout contenu t\u00e9l\u00e9charg\u00e9 se fait aux risques et p\u00e9rils de l\u2019utilisateur et sous sa seule responsabilit\u00e9. En cons\u00e9quence,\u00a0<a href=\"https:\/\/www.gite-alsace-relaisdesvignes.com\/\">https:\/\/www.gite-alsace-relaisdesvignes.com\/<\/a> ne saurait \u00eatre tenu responsable d\u2019un quelconque dommage subi par l\u2019ordinateur de l\u2019utilisateur ou d\u2019une quelconque perte de donn\u00e9es cons\u00e9cutives au t\u00e9l\u00e9chargement.<br \/>\nLes photos sont non contractuelles.<br \/>\nLes liens hypertextes mis en place dans le cadre du pr\u00e9sent site web en direction d\u2019autres ressources pr\u00e9sentes sur le r\u00e9seau Internet ne sauraient engager la responsabilit\u00e9 de <a href=\"https:\/\/www.gite-alsace-relaisdesvignes.com\/\">https:\/\/www.gite-alsace-relaisdesvignes.com\/<\/a><\/p>\n<h3>LITIGES<\/h3>\n<p>Les pr\u00e9sentes conditions sont r\u00e9gies par les lois fran\u00e7aises et toute contestation ou litiges qui pourraient na\u00eetre de l\u2019interpr\u00e9tation ou de l\u2019ex\u00e9cution de celles-ci seront de la comp\u00e9tence exclusive des tribunaux dont d\u00e9pend le si\u00e8ge social de <a href=\"https:\/\/www.gite-alsace-relaisdesvignes.com\/\">https:\/\/www.gite-alsace-relaisdesvignes.com\/<\/a> . La langue de r\u00e9f\u00e9rence, pour le r\u00e8glement de contentieux \u00e9ventuels, est le fran\u00e7ais.<\/p>\n<h3>DONNEES PERSONNELLES<\/h3>\n<h4>DECLARATION A LA CNIL<\/h4>\n<p>Les donn\u00e9es que vous saisissez dans le formulaire de contact ne sont pas enregistr\u00e9es. Il n\u2019a donc pas d\u2019enregistrement \u00e0 la CNIL.<\/p>\n<h4>DROITS D\u2019ACCES<\/h4>\n<p>En application de cette loi, les internautes disposent d\u2019un droit d\u2019acc\u00e8s, de rectification, de modification et de suppression concernant les donn\u00e9es qui les concernent personnellement. Ce droit peut \u00eatre exerc\u00e9 par voie postale aupr\u00e8s de\u00a0<a href=\"https:\/\/www.gite-alsace-relaisdesvignes.com\/\">https:\/\/www.gite-alsace-relaisdesvignes.com\/<\/a> dont l\u2019adresse est mentionn\u00e9 ci-dessus- ou par voie \u00e9lectronique \u00e0 l\u2019adresse e-mail suivante <a href=\"mailto:relaisdesvignes@dbmail.com\">relaisdesvignes@dbmail.com<\/a> Les informations personnelles collect\u00e9es ne sont en aucun cas confi\u00e9es \u00e0 des tiers hormis pour l\u2019\u00e9ventuelle bonne ex\u00e9cution de la prestation command\u00e9e par l\u2019internaute.<\/p>\n<h4>CONFIDENTIALITE<\/h4>\n<p>Vos donn\u00e9es personnelles sont confidentielles et ne seront en aucun cas communiqu\u00e9es \u00e0 des tiers hormis pour la bonne ex\u00e9cution de la prestation<\/p>\n<h3>PROPRIETE INTELLECTUELLE<\/h3>\n<p>Tout le contenu du pr\u00e9sent site, incluant, de fa\u00e7on non limitative, les graphismes, images, textes, vid\u00e9os, animations, sons, logos, gifs et ic\u00f4nes ainsi que leur mise en forme sont la propri\u00e9t\u00e9 exclusive de <a href=\"https:\/\/www.gite-alsace-relaisdesvignes.com\/\">https:\/\/www.gite-alsace-relaisdesvignes.com\/<\/a>\u00a0 \u00e0 l\u2019exception des marques, logos ou contenus appartenant \u00e0 d\u2019autres soci\u00e9t\u00e9s partenaires ou auteurs. Toute reproduction, distribution, modification, adaptation, retransmission ou publication, m\u00eame partielle, de ces diff\u00e9rents \u00e9l\u00e9ments est strictement interdite sans l\u2019accord express par \u00e9crit de <a href=\"https:\/\/www.gite-alsace-relaisdesvignes.com\/\">https:\/\/www.gite-alsace-relaisdesvignes.com\/<\/a>. Cette repr\u00e9sentation ou reproduction, par quelque proc\u00e9d\u00e9 que ce soit, constitue une contrefa\u00e7on sanctionn\u00e9e par les articles L.3335-2 et suivants du Code de la propri\u00e9t\u00e9 intellectuelle. Le non-respect de cette interdiction constitue une contrefa\u00e7on pouvant engager la responsabilit\u00e9 civile et p\u00e9nale du contrefacteur. En outre, les propri\u00e9taires des Contenus copi\u00e9s pourraient intenter une action en justice \u00e0 votre encontre.<\/p>\n<p>Les utilisateurs et visiteurs du site web peuvent mettre en place un hyperlien en direction de ce site, \u00e0 condition que ce lien s\u2019ouvre dans une nouvelle fen\u00eatre, Cette demande devra se faire AVEC l\u2019autorisation expresse de <a href=\"https:\/\/www.gite-alsace-relaisdesvignes.com\/\">https:\/\/www.gite-alsace-relaisdesvignes.com\/.<\/a><br \/>\nPour toute demande d\u2019autorisation ou d\u2019information, veuillez nous contacter par e-mail : relaisdesvignes@dbmail.com<br \/>\nDes conditions sp\u00e9cifiques sont pr\u00e9vues pour la presse, et les professionnels.<\/p>\n<h3>LIENS HYPERTEXTES<\/h3>\n<p><a href=\"https:\/\/www.gite-alsace-relaisdesvignes.com\/\">https:\/\/www.gite-alsace-relaisdesvignes.com\/<\/a>. ne dispose d\u2019aucun moyen pour contr\u00f4ler les sites en connexion avec ses sites Internet, par lien hypertexte.\u00a0<a href=\"https:\/\/www.gite-alsace-relaisdesvignes.com\/\">https:\/\/www.gite-alsace-relaisdesvignes.com\/<\/a>. ne r\u00e9pond pas de la disponibilit\u00e9 de tels sites et sources externes, ni ne la garantit. Elle ne peut \u00eatre tenue pour responsable de tout dommage, de quelque nature que ce soit, r\u00e9sultant du contenu de ces sites ou sources externes, et notamment des informations, produits ou services qu\u2019ils proposent, ou de tout usage qui peut \u00eatre fait de ces \u00e9l\u00e9ments. Les risques li\u00e9s \u00e0 cette utilisation incombent pleinement \u00e0 l\u2019internaute, qui doit se conformer \u00e0 leurs conditions d\u2019utilisation.<\/p>\n<p>Dans l\u2019hypoth\u00e8se o\u00f9 un utilisateur ou visiteur souhaiterait mettre en place un hyperlien en direction du site Internet de\u00a0<a href=\"https:\/\/www.gite-alsace-relaisdesvignes.com\/\">https:\/\/www.gite-alsace-relaisdesvignes.com\/<\/a> , il lui appartiendra d\u2019adresser un e-mail \u00e0 <a href=\"mailto:relaisdesvignes@dbmail.com\">relaisdesvignes@dbmail.com<\/a> afin de formuler sa demande de mise en place d\u2019un hyperlien. <a href=\"https:\/\/www.gite-alsace-relaisdesvignes.com\/\">https:\/\/www.gite-alsace-relaisdesvignes.com\/<\/a> se r\u00e9serve le droit d\u2019accepter ou de refuser un hyperlien sans avoir \u00e0 en justifier sa d\u00e9cision.<\/p>\n<h3>COORDONNEES CONCEPTEUR TECHNIQUE ET GRAPHIQUE<\/h3>\n<p><img decoding=\"async\" loading=\"lazy\" class=\"alignnone wp-image-4003\" src=\"http:\/\/france-amstaff.fr\/wp-content\/uploads\/2018\/02\/logo-AI.png\" sizes=\"(max-width: 40px) 100vw, 40px\" srcset=\"http:\/\/france-amstaff.fr\/wp-content\/uploads\/2018\/02\/logo-AI.png 80w, http:\/\/france-amstaff.fr\/wp-content\/uploads\/2018\/02\/logo-AI-36x36.png 36w\" alt=\"\" width=\"40\" height=\"40\" \/>AIDES-INFO eurl<br \/>\n1, rue Verte<br \/>\n68270 RUELISHEIM<br \/>\n06 82 36 57 07<br \/>\n<a href=\"mailto:info@aides-info.fr\">info@aides-info.fr<\/a><br \/>\n<a href=\"http:\/\/www.aides-info.fr\">www.aides-info.fr<\/a><\/p>","protected":false},"excerpt":{"rendered":"<p>INFORMATIONS EDITEUR DU SITE Gite Alsace Relais de Vignes M et Mme Kruger Alain 11, rue des chars 67600 KINTZHEIM relaisdesvignes@dbmail.com CONDITIONS D\u2019UTILISATION Le site accessible par l\u2019url suivant, https:\/\/www.gite-alsace-relaisdesvignes.com\/ est exploit\u00e9 dans le respect de la l\u00e9gislation fran\u00e7aise. L\u2019utilisation de ce site est r\u00e9gie par les pr\u00e9sentes conditions g\u00e9n\u00e9rales. En utilisant le site, vous &hellip; <\/p>\n<p class=\"link-more\"><a href=\"https:\/\/www.gite-alsace-relaisdesvignes.com\/de\/mentions-legales-relaisdesvignes-alsace\/\" class=\"more-link\"><span class=\"screen-reader-text\">\u201eMentions L\u00e9gales\u201c<\/span> weiterlesen<\/a><\/p>\n","protected":false},"author":1,"featured_media":0,"parent":0,"menu_order":8,"comment_status":"closed","ping_status":"closed","template":"","meta":{"_mi_skip_tracking":false},"yoast_head":"<!-- This site is optimized with the Yoast SEO plugin v18.2 - https:\/\/yoast.com\/wordpress\/plugins\/seo\/ -->\n<title>Mentions L\u00e9gales - Les G\u00eetes du Relais des Vignes en alsace<\/title>\n<meta name=\"robots\" content=\"index, follow, max-snippet:-1, max-image-preview:large, max-video-preview:-1\" \/>\n<link rel=\"canonical\" href=\"https:\/\/www.gite-alsace-relaisdesvignes.com\/mentions-legales-relaisdesvignes-alsace\/\" \/>\n<meta property=\"og:locale\" content=\"de_DE\" \/>\n<meta property=\"og:type\" content=\"article\" \/>\n<meta property=\"og:title\" content=\"Mentions L\u00e9gales - Les G\u00eetes du Relais des Vignes en alsace\" \/>\n<meta property=\"og:description\" content=\"INFORMATIONS EDITEUR DU SITE Gite Alsace Relais de Vignes M et Mme Kruger Alain 11, rue des chars 67600 KINTZHEIM relaisdesvignes@dbmail.com CONDITIONS D\u2019UTILISATION Le site accessible par l\u2019url suivant, https:\/\/www.gite-alsace-relaisdesvignes.com\/ est exploit\u00e9 dans le respect de la l\u00e9gislation fran\u00e7aise. L\u2019utilisation de ce site est r\u00e9gie par les pr\u00e9sentes conditions g\u00e9n\u00e9rales. En utilisant le site, vous &hellip; \u201eMentions L\u00e9gales\u201c weiterlesen\" \/>\n<meta property=\"og:url\" content=\"https:\/\/www.gite-alsace-relaisdesvignes.com\/mentions-legales-relaisdesvignes-alsace\/\" \/>\n<meta property=\"og:site_name\" content=\"Les G\u00eetes du Relais des Vignes en alsace\" \/>\n<meta property=\"article:modified_time\" content=\"2021-04-09T19:13:52+00:00\" \/>\n<meta property=\"og:image\" content=\"http:\/\/france-amstaff.fr\/wp-content\/uploads\/2018\/02\/logo-AI.png\" \/>\n<meta name=\"twitter:card\" content=\"summary_large_image\" \/>\n<meta name=\"twitter:label1\" content=\"Gesch\u00e4tzte Lesezeit\" \/>\n\t<meta name=\"twitter:data1\" content=\"14\u00a0Minuten\" \/>\n<script type=\"application\/ld+json\" class=\"yoast-schema-graph\">{\"@context\":\"https:\/\/schema.org\",\"@graph\":[{\"@type\":[\"Person\",\"Organization\"],\"@id\":\"https:\/\/www.gite-alsace-relaisdesvignes.com\/#\/schema\/person\/d726786a9dfcf63a2ae9430a72cd2cba\",\"name\":\"AdminKA-2018\",\"logo\":{\"@id\":\"https:\/\/www.gite-alsace-relaisdesvignes.com\/#personlogo\"}},{\"@type\":\"WebSite\",\"@id\":\"https:\/\/www.gite-alsace-relaisdesvignes.com\/#website\",\"url\":\"https:\/\/www.gite-alsace-relaisdesvignes.com\/\",\"name\":\"Les G\u00eetes du Relais des Vignes en alsace\",\"description\":\"Kintzheim\",\"publisher\":{\"@id\":\"https:\/\/www.gite-alsace-relaisdesvignes.com\/#\/schema\/person\/d726786a9dfcf63a2ae9430a72cd2cba\"},\"potentialAction\":[{\"@type\":\"SearchAction\",\"target\":{\"@type\":\"EntryPoint\",\"urlTemplate\":\"https:\/\/www.gite-alsace-relaisdesvignes.com\/?s={search_term_string}\"},\"query-input\":\"required name=search_term_string\"}],\"inLanguage\":\"de\"},{\"@type\":\"ImageObject\",\"@id\":\"https:\/\/www.gite-alsace-relaisdesvignes.com\/mentions-legales-relaisdesvignes-alsace\/#primaryimage\",\"inLanguage\":\"de\",\"url\":\"http:\/\/france-amstaff.fr\/wp-content\/uploads\/2018\/02\/logo-AI.png\",\"contentUrl\":\"http:\/\/france-amstaff.fr\/wp-content\/uploads\/2018\/02\/logo-AI.png\"},{\"@type\":\"WebPage\",\"@id\":\"https:\/\/www.gite-alsace-relaisdesvignes.com\/mentions-legales-relaisdesvignes-alsace\/#webpage\",\"url\":\"https:\/\/www.gite-alsace-relaisdesvignes.com\/mentions-legales-relaisdesvignes-alsace\/\",\"name\":\"Mentions L\u00e9gales - Les G\u00eetes du Relais des Vignes en alsace\",\"isPartOf\":{\"@id\":\"https:\/\/www.gite-alsace-relaisdesvignes.com\/#website\"},\"primaryImageOfPage\":{\"@id\":\"https:\/\/www.gite-alsace-relaisdesvignes.com\/mentions-legales-relaisdesvignes-alsace\/#primaryimage\"},\"datePublished\":\"2018-02-12T13:26:22+00:00\",\"dateModified\":\"2021-04-09T19:13:52+00:00\",\"breadcrumb\":{\"@id\":\"https:\/\/www.gite-alsace-relaisdesvignes.com\/mentions-legales-relaisdesvignes-alsace\/#breadcrumb\"},\"inLanguage\":\"de\",\"potentialAction\":[{\"@type\":\"ReadAction\",\"target\":[\"https:\/\/www.gite-alsace-relaisdesvignes.com\/mentions-legales-relaisdesvignes-alsace\/\"]}]},{\"@type\":\"BreadcrumbList\",\"@id\":\"https:\/\/www.gite-alsace-relaisdesvignes.com\/mentions-legales-relaisdesvignes-alsace\/#breadcrumb\",\"itemListElement\":[{\"@type\":\"ListItem\",\"position\":1,\"name\":\"Accueil\",\"item\":\"https:\/\/www.gite-alsace-relaisdesvignes.com\/\"},{\"@type\":\"ListItem\",\"position\":2,\"name\":\"Mentions L\u00e9gales\"}]}]}<\/script>\n<!-- \/ Yoast SEO plugin. -->","yoast_head_json":{"title":"Mentions L\u00e9gales - Les G\u00eetes du Relais des Vignes en alsace","robots":{"index":"index","follow":"follow","max-snippet":"max-snippet:-1","max-image-preview":"max-image-preview:large","max-video-preview":"max-video-preview:-1"},"canonical":"https:\/\/www.gite-alsace-relaisdesvignes.com\/mentions-legales-relaisdesvignes-alsace\/","og_locale":"de_DE","og_type":"article","og_title":"Mentions L\u00e9gales - Les G\u00eetes du Relais des Vignes en alsace","og_description":"INFORMATIONS EDITEUR DU SITE Gite Alsace Relais de Vignes M et Mme Kruger Alain 11, rue des chars 67600 KINTZHEIM relaisdesvignes@dbmail.com CONDITIONS D\u2019UTILISATION Le site accessible par l\u2019url suivant, https:\/\/www.gite-alsace-relaisdesvignes.com\/ est exploit\u00e9 dans le respect de la l\u00e9gislation fran\u00e7aise. L\u2019utilisation de ce site est r\u00e9gie par les pr\u00e9sentes conditions g\u00e9n\u00e9rales. En utilisant le site, vous &hellip; \u201eMentions L\u00e9gales\u201c weiterlesen","og_url":"https:\/\/www.gite-alsace-relaisdesvignes.com\/mentions-legales-relaisdesvignes-alsace\/","og_site_name":"Les G\u00eetes du Relais des Vignes en alsace","article_modified_time":"2021-04-09T19:13:52+00:00","og_image":[{"url":"http:\/\/france-amstaff.fr\/wp-content\/uploads\/2018\/02\/logo-AI.png"}],"twitter_card":"summary_large_image","twitter_misc":{"Gesch\u00e4tzte Lesezeit":"14\u00a0Minuten"},"schema":{"@context":"https:\/\/schema.org","@graph":[{"@type":["Person","Organization"],"@id":"https:\/\/www.gite-alsace-relaisdesvignes.com\/#\/schema\/person\/d726786a9dfcf63a2ae9430a72cd2cba","name":"AdminKA-2018","logo":{"@id":"https:\/\/www.gite-alsace-relaisdesvignes.com\/#personlogo"}},{"@type":"WebSite","@id":"https:\/\/www.gite-alsace-relaisdesvignes.com\/#website","url":"https:\/\/www.gite-alsace-relaisdesvignes.com\/","name":"Les G\u00eetes du Relais des Vignes en alsace","description":"Kintzheim","publisher":{"@id":"https:\/\/www.gite-alsace-relaisdesvignes.com\/#\/schema\/person\/d726786a9dfcf63a2ae9430a72cd2cba"},"potentialAction":[{"@type":"SearchAction","target":{"@type":"EntryPoint","urlTemplate":"https:\/\/www.gite-alsace-relaisdesvignes.com\/?s={search_term_string}"},"query-input":"required name=search_term_string"}],"inLanguage":"de"},{"@type":"ImageObject","@id":"https:\/\/www.gite-alsace-relaisdesvignes.com\/mentions-legales-relaisdesvignes-alsace\/#primaryimage","inLanguage":"de","url":"http:\/\/france-amstaff.fr\/wp-content\/uploads\/2018\/02\/logo-AI.png","contentUrl":"http:\/\/france-amstaff.fr\/wp-content\/uploads\/2018\/02\/logo-AI.png"},{"@type":"WebPage","@id":"https:\/\/www.gite-alsace-relaisdesvignes.com\/mentions-legales-relaisdesvignes-alsace\/#webpage","url":"https:\/\/www.gite-alsace-relaisdesvignes.com\/mentions-legales-relaisdesvignes-alsace\/","name":"Mentions L\u00e9gales - Les G\u00eetes du Relais des Vignes en alsace","isPartOf":{"@id":"https:\/\/www.gite-alsace-relaisdesvignes.com\/#website"},"primaryImageOfPage":{"@id":"https:\/\/www.gite-alsace-relaisdesvignes.com\/mentions-legales-relaisdesvignes-alsace\/#primaryimage"},"datePublished":"2018-02-12T13:26:22+00:00","dateModified":"2021-04-09T19:13:52+00:00","breadcrumb":{"@id":"https:\/\/www.gite-alsace-relaisdesvignes.com\/mentions-legales-relaisdesvignes-alsace\/#breadcrumb"},"inLanguage":"de","potentialAction":[{"@type":"ReadAction","target":["https:\/\/www.gite-alsace-relaisdesvignes.com\/mentions-legales-relaisdesvignes-alsace\/"]}]},{"@type":"BreadcrumbList","@id":"https:\/\/www.gite-alsace-relaisdesvignes.com\/mentions-legales-relaisdesvignes-alsace\/#breadcrumb","itemListElement":[{"@type":"ListItem","position":1,"name":"Accueil","item":"https:\/\/www.gite-alsace-relaisdesvignes.com\/"},{"@type":"ListItem","position":2,"name":"Mentions L\u00e9gales"}]}]}},"_links":{"self":[{"href":"https:\/\/www.gite-alsace-relaisdesvignes.com\/de\/wp-json\/wp\/v2\/pages\/1803"}],"collection":[{"href":"https:\/\/www.gite-alsace-relaisdesvignes.com\/de\/wp-json\/wp\/v2\/pages"}],"about":[{"href":"https:\/\/www.gite-alsace-relaisdesvignes.com\/de\/wp-json\/wp\/v2\/types\/page"}],"author":[{"embeddable":true,"href":"https:\/\/www.gite-alsace-relaisdesvignes.com\/de\/wp-json\/wp\/v2\/users\/1"}],"replies":[{"embeddable":true,"href":"https:\/\/www.gite-alsace-relaisdesvignes.com\/de\/wp-json\/wp\/v2\/comments?post=1803"}],"version-history":[{"count":1,"href":"https:\/\/www.gite-alsace-relaisdesvignes.com\/de\/wp-json\/wp\/v2\/pages\/1803\/revisions"}],"predecessor-version":[{"id":1973,"href":"https:\/\/www.gite-alsace-relaisdesvignes.com\/de\/wp-json\/wp\/v2\/pages\/1803\/revisions\/1973"}],"wp:attachment":[{"href":"https:\/\/www.gite-alsace-relaisdesvignes.com\/de\/wp-json\/wp\/v2\/media?parent=1803"}],"curies":[{"name":"wp","href":"https:\/\/api.w.org\/{rel}","templated":true}]}}