{"id":1100,"date":"2015-06-17T18:14:37","date_gmt":"2015-06-17T18:14:37","guid":{"rendered":"http:\/\/import.themovation.com\/bellevue\/chalet\/home-1\/"},"modified":"2024-12-27T19:26:34","modified_gmt":"2024-12-27T18:26:34","slug":"les-gites-du-relais-des-vignes","status":"publish","type":"page","link":"https:\/\/www.gite-alsace-relaisdesvignes.com\/en\/","title":{"rendered":"Les gites du Relais des Vignes"},"content":{"rendered":"<p><\/p>\n<h2>D\u00e9couvrez nos 2 gites class\u00e9s 3 \u00e9toiles, sur la route des vins en Alsace<\/h2>\n<p>Dans le cadre pittoresque et calme d&#8217;un charmant village typiquement alsacien, nous vous proposons de s\u00e9journer dans une maison alsacienne. Datant de 1858, enti\u00e8rement r\u00e9nov\u00e9e et entour\u00e9e de vignes. Gite Muscat, Riesling ou Sylvaner vous attendent.<\/p>\n<p>Du jardin votre regard se portera sur le ch\u00e2teau de Kintzheim datant du XIIe Si\u00e8cle. Les sentiers p\u00e9destres, partant de l&#8217;arri\u00e8re de la propri\u00e9t\u00e9, vous permettront de profiter pleinement de la beaut\u00e9 et de la qui\u00e9tude des lieux.<\/p>\n<p>Notre situation au coeur de l&#8217;Alsace vous donnera la possibilit\u00e9 d&#8217;acc\u00e9der rapidement \u00e0 Strasbourg et Colmar.&nbsp; De visiter de nombreux villages typiques tels que Riquewihr, Ribeauvill\u00e9, Kaysersberg, Obernai ainsi que des ch\u00e2teaux de l\u00e9gende tel que le Haut Koenigsbourg. Des parcs animaliers ( la Montagne des Singes, la Volerie des aigles, le Parc des Cigognes. )<\/p>\n<p><img decoding=\"async\" loading=\"lazy\" class=\"size-medium wp-image-2040 aligncenter\" title=\"location gite alsace\" src=\"http:\/\/www.gite-alsace-relaisdesvignes.com\/wp-content\/uploads\/2018\/03\/arabesque-300x143.png\" alt=\"location gite alsace\" width=\"300\" height=\"143\" srcset=\"https:\/\/www.gite-alsace-relaisdesvignes.com\/wp-content\/uploads\/2018\/03\/arabesque-300x143.png 300w, https:\/\/www.gite-alsace-relaisdesvignes.com\/wp-content\/uploads\/2018\/03\/arabesque.png 600w\" sizes=\"(max-width: 300px) 100vw, 300px\" \/><\/p>\n<h2><a href=\"http:\/\/www.gite-alsace-relaisdesvignes.com\/gite-riesling\/\">Vous voulez en savoir plus sur le g\u00eete ? Vous voulez visitez l&#8217;Alsace&nbsp;?<\/a><\/h2>\n<p><a href=\"http:\/\/www.gite-alsace-relaisdesvignes.com\/contact-les-gites-du-relaisdesvignes-alsace\/\">Pour en profiter contactez nous&nbsp;rapidement<\/a><\/p>\n<h1><u><span style=\"color: #0066cc;\"><img decoding=\"async\" loading=\"lazy\" class=\"size-medium wp-image-2040 aligncenter\" title=\"location gite alsace\" src=\"http:\/\/www.gite-alsace-relaisdesvignes.com\/wp-content\/uploads\/2018\/03\/arabesque-300x143.png\" alt=\"location gite alsace\" width=\"300\" height=\"143\" srcset=\"https:\/\/www.gite-alsace-relaisdesvignes.com\/wp-content\/uploads\/2018\/03\/arabesque-300x143.png 300w, https:\/\/www.gite-alsace-relaisdesvignes.com\/wp-content\/uploads\/2018\/03\/arabesque.png 600w\" sizes=\"(max-width: 300px) 100vw, 300px\" \/><\/span><\/u><\/h1>\n<h2><a href=\"http:\/\/www.gite-alsace-relaisdesvignes.com\/contact-les-gites-du-relaisdesvignes-alsace\/\">Voir les autres r\u00e9servations des g\u00eetes et r\u00e9servez !!<\/a><\/h2>\n<p><\/p>","protected":false},"excerpt":{"rendered":"<p>D\u00e9couvrez nos 2 gites class\u00e9s 3 \u00e9toiles, sur la route des vins en Alsace Dans le cadre pittoresque et calme d&#8217;un charmant village typiquement alsacien, nous vous proposons de s\u00e9journer dans une maison alsacienne. Datant de 1858, enti\u00e8rement r\u00e9nov\u00e9e et entour\u00e9e de vignes. Gite Muscat, Riesling ou Sylvaner vous attendent. Du jardin votre regard se &hellip; <\/p>\n<p class=\"link-more\"><a href=\"https:\/\/www.gite-alsace-relaisdesvignes.com\/en\/\" class=\"more-link\">Continue reading<span class=\"screen-reader-text\"> &#8220;Les gites du Relais des Vignes&#8221;<\/span><\/a><\/p>\n","protected":false},"author":1,"featured_media":0,"parent":0,"menu_order":1,"comment_status":"closed","ping_status":"closed","template":"","meta":{"_mi_skip_tracking":false},"yoast_head":"<!-- This site is optimized with the Yoast SEO plugin v18.2 - https:\/\/yoast.com\/wordpress\/plugins\/seo\/ -->\n<title>Gites du Relais des Vignes Kintzheim Route des Vins Alsace<\/title>\n<meta name=\"description\" content=\"D\u00e9couvrez nos trois gites id\u00e9alement situ\u00e9s au c\u0153ur de l&#039;Alsace et sur la route des vins \u00e0 proximit\u00e9 de nombreux villages touristiques.\" \/>\n<meta name=\"robots\" content=\"index, follow, max-snippet:-1, max-image-preview:large, max-video-preview:-1\" \/>\n<link rel=\"canonical\" href=\"https:\/\/www.gite-alsace-relaisdesvignes.com\/\" \/>\n<meta property=\"og:locale\" content=\"en_US\" \/>\n<meta property=\"og:type\" content=\"article\" \/>\n<meta property=\"og:title\" content=\"Gites du Relais des Vignes Kintzheim Route des Vins Alsace\" \/>\n<meta property=\"og:description\" content=\"D\u00e9couvrez nos trois gites id\u00e9alement situ\u00e9s au c\u0153ur de l&#039;Alsace et sur la route des vins \u00e0 proximit\u00e9 de nombreux villages touristiques.\" \/>\n<meta property=\"og:url\" content=\"https:\/\/www.gite-alsace-relaisdesvignes.com\/\" \/>\n<meta property=\"og:site_name\" content=\"Les G\u00eetes du Relais des Vignes en alsace\" \/>\n<meta property=\"article:modified_time\" content=\"2024-12-27T18:26:34+00:00\" \/>\n<meta property=\"og:image\" content=\"http:\/\/www.gite-alsace-relaisdesvignes.com\/wp-content\/uploads\/2018\/03\/arabesque-300x143.png\" \/>\n<meta name=\"twitter:card\" content=\"summary_large_image\" \/>\n<meta name=\"twitter:label1\" content=\"Est. reading time\" \/>\n\t<meta name=\"twitter:data1\" content=\"3 minutes\" \/>\n<script type=\"application\/ld+json\" class=\"yoast-schema-graph\">{\"@context\":\"https:\/\/schema.org\",\"@graph\":[{\"@type\":[\"Person\",\"Organization\"],\"@id\":\"https:\/\/www.gite-alsace-relaisdesvignes.com\/#\/schema\/person\/d726786a9dfcf63a2ae9430a72cd2cba\",\"name\":\"AdminKA-2018\",\"logo\":{\"@id\":\"https:\/\/www.gite-alsace-relaisdesvignes.com\/#personlogo\"}},{\"@type\":\"WebSite\",\"@id\":\"https:\/\/www.gite-alsace-relaisdesvignes.com\/#website\",\"url\":\"https:\/\/www.gite-alsace-relaisdesvignes.com\/\",\"name\":\"Les G\u00eetes du Relais des Vignes en alsace\",\"description\":\"Kintzheim\",\"publisher\":{\"@id\":\"https:\/\/www.gite-alsace-relaisdesvignes.com\/#\/schema\/person\/d726786a9dfcf63a2ae9430a72cd2cba\"},\"potentialAction\":[{\"@type\":\"SearchAction\",\"target\":{\"@type\":\"EntryPoint\",\"urlTemplate\":\"https:\/\/www.gite-alsace-relaisdesvignes.com\/?s={search_term_string}\"},\"query-input\":\"required name=search_term_string\"}],\"inLanguage\":\"en-US\"},{\"@type\":\"ImageObject\",\"@id\":\"https:\/\/www.gite-alsace-relaisdesvignes.com\/#primaryimage\",\"inLanguage\":\"en-US\",\"url\":\"http:\/\/www.gite-alsace-relaisdesvignes.com\/wp-content\/uploads\/2018\/03\/arabesque-300x143.png\",\"contentUrl\":\"http:\/\/www.gite-alsace-relaisdesvignes.com\/wp-content\/uploads\/2018\/03\/arabesque-300x143.png\"},{\"@type\":\"WebPage\",\"@id\":\"https:\/\/www.gite-alsace-relaisdesvignes.com\/#webpage\",\"url\":\"https:\/\/www.gite-alsace-relaisdesvignes.com\/\",\"name\":\"Gites du Relais des Vignes Kintzheim Route des Vins Alsace\",\"isPartOf\":{\"@id\":\"https:\/\/www.gite-alsace-relaisdesvignes.com\/#website\"},\"primaryImageOfPage\":{\"@id\":\"https:\/\/www.gite-alsace-relaisdesvignes.com\/#primaryimage\"},\"datePublished\":\"2015-06-17T18:14:37+00:00\",\"dateModified\":\"2024-12-27T18:26:34+00:00\",\"description\":\"D\u00e9couvrez nos trois gites id\u00e9alement situ\u00e9s au c\u0153ur de l'Alsace et sur la route des vins \u00e0 proximit\u00e9 de nombreux villages touristiques.\",\"breadcrumb\":{\"@id\":\"https:\/\/www.gite-alsace-relaisdesvignes.com\/#breadcrumb\"},\"inLanguage\":\"en-US\",\"potentialAction\":[{\"@type\":\"ReadAction\",\"target\":[\"https:\/\/www.gite-alsace-relaisdesvignes.com\/\"]}]},{\"@type\":\"BreadcrumbList\",\"@id\":\"https:\/\/www.gite-alsace-relaisdesvignes.com\/#breadcrumb\",\"itemListElement\":[{\"@type\":\"ListItem\",\"position\":1,\"name\":\"Accueil\",\"item\":\"https:\/\/www.gite-alsace-relaisdesvignes.com\/\"},{\"@type\":\"ListItem\",\"position\":2,\"name\":\"Les gites du Relais des Vignes\"}]}]}<\/script>\n<!-- \/ Yoast SEO plugin. -->","yoast_head_json":{"title":"Gites du Relais des Vignes Kintzheim Route des Vins Alsace","description":"D\u00e9couvrez nos trois gites id\u00e9alement situ\u00e9s au c\u0153ur de l'Alsace et sur la route des vins \u00e0 proximit\u00e9 de nombreux villages touristiques.","robots":{"index":"index","follow":"follow","max-snippet":"max-snippet:-1","max-image-preview":"max-image-preview:large","max-video-preview":"max-video-preview:-1"},"canonical":"https:\/\/www.gite-alsace-relaisdesvignes.com\/","og_locale":"en_US","og_type":"article","og_title":"Gites du Relais des Vignes Kintzheim Route des Vins Alsace","og_description":"D\u00e9couvrez nos trois gites id\u00e9alement situ\u00e9s au c\u0153ur de l'Alsace et sur la route des vins \u00e0 proximit\u00e9 de nombreux villages touristiques.","og_url":"https:\/\/www.gite-alsace-relaisdesvignes.com\/","og_site_name":"Les G\u00eetes du Relais des Vignes en alsace","article_modified_time":"2024-12-27T18:26:34+00:00","og_image":[{"url":"http:\/\/www.gite-alsace-relaisdesvignes.com\/wp-content\/uploads\/2018\/03\/arabesque-300x143.png"}],"twitter_card":"summary_large_image","twitter_misc":{"Est. reading time":"3 minutes"},"schema":{"@context":"https:\/\/schema.org","@graph":[{"@type":["Person","Organization"],"@id":"https:\/\/www.gite-alsace-relaisdesvignes.com\/#\/schema\/person\/d726786a9dfcf63a2ae9430a72cd2cba","name":"AdminKA-2018","logo":{"@id":"https:\/\/www.gite-alsace-relaisdesvignes.com\/#personlogo"}},{"@type":"WebSite","@id":"https:\/\/www.gite-alsace-relaisdesvignes.com\/#website","url":"https:\/\/www.gite-alsace-relaisdesvignes.com\/","name":"Les G\u00eetes du Relais des Vignes en alsace","description":"Kintzheim","publisher":{"@id":"https:\/\/www.gite-alsace-relaisdesvignes.com\/#\/schema\/person\/d726786a9dfcf63a2ae9430a72cd2cba"},"potentialAction":[{"@type":"SearchAction","target":{"@type":"EntryPoint","urlTemplate":"https:\/\/www.gite-alsace-relaisdesvignes.com\/?s={search_term_string}"},"query-input":"required name=search_term_string"}],"inLanguage":"en-US"},{"@type":"ImageObject","@id":"https:\/\/www.gite-alsace-relaisdesvignes.com\/#primaryimage","inLanguage":"en-US","url":"http:\/\/www.gite-alsace-relaisdesvignes.com\/wp-content\/uploads\/2018\/03\/arabesque-300x143.png","contentUrl":"http:\/\/www.gite-alsace-relaisdesvignes.com\/wp-content\/uploads\/2018\/03\/arabesque-300x143.png"},{"@type":"WebPage","@id":"https:\/\/www.gite-alsace-relaisdesvignes.com\/#webpage","url":"https:\/\/www.gite-alsace-relaisdesvignes.com\/","name":"Gites du Relais des Vignes Kintzheim Route des Vins Alsace","isPartOf":{"@id":"https:\/\/www.gite-alsace-relaisdesvignes.com\/#website"},"primaryImageOfPage":{"@id":"https:\/\/www.gite-alsace-relaisdesvignes.com\/#primaryimage"},"datePublished":"2015-06-17T18:14:37+00:00","dateModified":"2024-12-27T18:26:34+00:00","description":"D\u00e9couvrez nos trois gites id\u00e9alement situ\u00e9s au c\u0153ur de l'Alsace et sur la route des vins \u00e0 proximit\u00e9 de nombreux villages touristiques.","breadcrumb":{"@id":"https:\/\/www.gite-alsace-relaisdesvignes.com\/#breadcrumb"},"inLanguage":"en-US","potentialAction":[{"@type":"ReadAction","target":["https:\/\/www.gite-alsace-relaisdesvignes.com\/"]}]},{"@type":"BreadcrumbList","@id":"https:\/\/www.gite-alsace-relaisdesvignes.com\/#breadcrumb","itemListElement":[{"@type":"ListItem","position":1,"name":"Accueil","item":"https:\/\/www.gite-alsace-relaisdesvignes.com\/"},{"@type":"ListItem","position":2,"name":"Les gites du Relais des Vignes"}]}]}},"_links":{"self":[{"href":"https:\/\/www.gite-alsace-relaisdesvignes.com\/en\/wp-json\/wp\/v2\/pages\/1100"}],"collection":[{"href":"https:\/\/www.gite-alsace-relaisdesvignes.com\/en\/wp-json\/wp\/v2\/pages"}],"about":[{"href":"https:\/\/www.gite-alsace-relaisdesvignes.com\/en\/wp-json\/wp\/v2\/types\/page"}],"author":[{"embeddable":true,"href":"https:\/\/www.gite-alsace-relaisdesvignes.com\/en\/wp-json\/wp\/v2\/users\/1"}],"replies":[{"embeddable":true,"href":"https:\/\/www.gite-alsace-relaisdesvignes.com\/en\/wp-json\/wp\/v2\/comments?post=1100"}],"version-history":[{"count":73,"href":"https:\/\/www.gite-alsace-relaisdesvignes.com\/en\/wp-json\/wp\/v2\/pages\/1100\/revisions"}],"predecessor-version":[{"id":3081,"href":"https:\/\/www.gite-alsace-relaisdesvignes.com\/en\/wp-json\/wp\/v2\/pages\/1100\/revisions\/3081"}],"wp:attachment":[{"href":"https:\/\/www.gite-alsace-relaisdesvignes.com\/en\/wp-json\/wp\/v2\/media?parent=1100"}],"curies":[{"name":"wp","href":"https:\/\/api.w.org\/{rel}","templated":true}]}}