{"id":177,"date":"2021-04-09T01:37:00","date_gmt":"2021-04-08T23:37:00","guid":{"rendered":"http:\/\/import.themovation.com\/bellevue\/chalet\/?page_id=177"},"modified":"2022-07-21T21:17:21","modified_gmt":"2022-07-21T19:17:21","slug":"promotions-gitealsacelocation","status":"publish","type":"page","link":"https:\/\/www.gite-alsace-relaisdesvignes.com\/en\/promotions-gitealsacelocation\/","title":{"rendered":"Nos Promotions"},"content":{"rendered":"<p><\/p>\n<p><\/p>","protected":false},"excerpt":{"rendered":"","protected":false},"author":1,"featured_media":0,"parent":0,"menu_order":9,"comment_status":"closed","ping_status":"closed","template":"","meta":{"_mi_skip_tracking":false},"yoast_head":"<!-- This site is optimized with the Yoast SEO plugin v18.2 - https:\/\/yoast.com\/wordpress\/plugins\/seo\/ -->\n<title>Promotion sur gite Riesling aux gites du Relais des Vignes \u00e0 Kintzheim sur la route des vins<\/title>\n<meta name=\"description\" content=\"Promotion de - 10 % sur le Gite Riesling aux g\u00eetes du Relais des Vignes \u00e0 KIntzheim sur la route des vins.\" \/>\n<meta name=\"robots\" content=\"index, follow, max-snippet:-1, max-image-preview:large, max-video-preview:-1\" \/>\n<link rel=\"canonical\" href=\"https:\/\/www.gite-alsace-relaisdesvignes.com\/promotions-gitealsacelocation\/\" \/>\n<meta property=\"og:locale\" content=\"en_US\" \/>\n<meta property=\"og:type\" content=\"article\" \/>\n<meta property=\"og:title\" content=\"Promotion sur gite Riesling aux gites du Relais des Vignes \u00e0 Kintzheim sur la route des vins\" \/>\n<meta property=\"og:description\" content=\"Promotion de - 10 % sur le Gite Riesling aux g\u00eetes du Relais des Vignes \u00e0 KIntzheim sur la route des vins.\" \/>\n<meta property=\"og:url\" content=\"https:\/\/www.gite-alsace-relaisdesvignes.com\/promotions-gitealsacelocation\/\" \/>\n<meta property=\"og:site_name\" content=\"Les G\u00eetes du Relais des Vignes en alsace\" \/>\n<meta property=\"article:modified_time\" content=\"2022-07-21T19:17:21+00:00\" \/>\n<meta name=\"twitter:card\" content=\"summary_large_image\" \/>\n<meta name=\"twitter:label1\" content=\"Est. reading time\" \/>\n\t<meta name=\"twitter:data1\" content=\"1 minute\" \/>\n<script type=\"application\/ld+json\" class=\"yoast-schema-graph\">{\"@context\":\"https:\/\/schema.org\",\"@graph\":[{\"@type\":[\"Person\",\"Organization\"],\"@id\":\"https:\/\/www.gite-alsace-relaisdesvignes.com\/#\/schema\/person\/d726786a9dfcf63a2ae9430a72cd2cba\",\"name\":\"AdminKA-2018\",\"logo\":{\"@id\":\"https:\/\/www.gite-alsace-relaisdesvignes.com\/#personlogo\"}},{\"@type\":\"WebSite\",\"@id\":\"https:\/\/www.gite-alsace-relaisdesvignes.com\/#website\",\"url\":\"https:\/\/www.gite-alsace-relaisdesvignes.com\/\",\"name\":\"Les G\u00eetes du Relais des Vignes en alsace\",\"description\":\"Kintzheim\",\"publisher\":{\"@id\":\"https:\/\/www.gite-alsace-relaisdesvignes.com\/#\/schema\/person\/d726786a9dfcf63a2ae9430a72cd2cba\"},\"potentialAction\":[{\"@type\":\"SearchAction\",\"target\":{\"@type\":\"EntryPoint\",\"urlTemplate\":\"https:\/\/www.gite-alsace-relaisdesvignes.com\/?s={search_term_string}\"},\"query-input\":\"required name=search_term_string\"}],\"inLanguage\":\"en-US\"},{\"@type\":\"WebPage\",\"@id\":\"https:\/\/www.gite-alsace-relaisdesvignes.com\/promotions-gitealsacelocation\/#webpage\",\"url\":\"https:\/\/www.gite-alsace-relaisdesvignes.com\/promotions-gitealsacelocation\/\",\"name\":\"Promotion sur gite Riesling aux gites du Relais des Vignes \u00e0 Kintzheim sur la route des vins\",\"isPartOf\":{\"@id\":\"https:\/\/www.gite-alsace-relaisdesvignes.com\/#website\"},\"datePublished\":\"2021-04-08T23:37:00+00:00\",\"dateModified\":\"2022-07-21T19:17:21+00:00\",\"description\":\"Promotion de - 10 % sur le Gite Riesling aux g\u00eetes du Relais des Vignes \u00e0 KIntzheim sur la route des vins.\",\"breadcrumb\":{\"@id\":\"https:\/\/www.gite-alsace-relaisdesvignes.com\/promotions-gitealsacelocation\/#breadcrumb\"},\"inLanguage\":\"en-US\",\"potentialAction\":[{\"@type\":\"ReadAction\",\"target\":[\"https:\/\/www.gite-alsace-relaisdesvignes.com\/promotions-gitealsacelocation\/\"]}]},{\"@type\":\"BreadcrumbList\",\"@id\":\"https:\/\/www.gite-alsace-relaisdesvignes.com\/promotions-gitealsacelocation\/#breadcrumb\",\"itemListElement\":[{\"@type\":\"ListItem\",\"position\":1,\"name\":\"Accueil\",\"item\":\"https:\/\/www.gite-alsace-relaisdesvignes.com\/\"},{\"@type\":\"ListItem\",\"position\":2,\"name\":\"Nos Promotions\"}]}]}<\/script>\n<!-- \/ Yoast SEO plugin. -->","yoast_head_json":{"title":"Promotion sur gite Riesling aux gites du Relais des Vignes \u00e0 Kintzheim sur la route des vins","description":"Promotion de - 10 % sur le Gite Riesling aux g\u00eetes du Relais des Vignes \u00e0 KIntzheim sur la route des vins.","robots":{"index":"index","follow":"follow","max-snippet":"max-snippet:-1","max-image-preview":"max-image-preview:large","max-video-preview":"max-video-preview:-1"},"canonical":"https:\/\/www.gite-alsace-relaisdesvignes.com\/promotions-gitealsacelocation\/","og_locale":"en_US","og_type":"article","og_title":"Promotion sur gite Riesling aux gites du Relais des Vignes \u00e0 Kintzheim sur la route des vins","og_description":"Promotion de - 10 % sur le Gite Riesling aux g\u00eetes du Relais des Vignes \u00e0 KIntzheim sur la route des vins.","og_url":"https:\/\/www.gite-alsace-relaisdesvignes.com\/promotions-gitealsacelocation\/","og_site_name":"Les G\u00eetes du Relais des Vignes en alsace","article_modified_time":"2022-07-21T19:17:21+00:00","twitter_card":"summary_large_image","twitter_misc":{"Est. reading time":"1 minute"},"schema":{"@context":"https:\/\/schema.org","@graph":[{"@type":["Person","Organization"],"@id":"https:\/\/www.gite-alsace-relaisdesvignes.com\/#\/schema\/person\/d726786a9dfcf63a2ae9430a72cd2cba","name":"AdminKA-2018","logo":{"@id":"https:\/\/www.gite-alsace-relaisdesvignes.com\/#personlogo"}},{"@type":"WebSite","@id":"https:\/\/www.gite-alsace-relaisdesvignes.com\/#website","url":"https:\/\/www.gite-alsace-relaisdesvignes.com\/","name":"Les G\u00eetes du Relais des Vignes en alsace","description":"Kintzheim","publisher":{"@id":"https:\/\/www.gite-alsace-relaisdesvignes.com\/#\/schema\/person\/d726786a9dfcf63a2ae9430a72cd2cba"},"potentialAction":[{"@type":"SearchAction","target":{"@type":"EntryPoint","urlTemplate":"https:\/\/www.gite-alsace-relaisdesvignes.com\/?s={search_term_string}"},"query-input":"required name=search_term_string"}],"inLanguage":"en-US"},{"@type":"WebPage","@id":"https:\/\/www.gite-alsace-relaisdesvignes.com\/promotions-gitealsacelocation\/#webpage","url":"https:\/\/www.gite-alsace-relaisdesvignes.com\/promotions-gitealsacelocation\/","name":"Promotion sur gite Riesling aux gites du Relais des Vignes \u00e0 Kintzheim sur la route des vins","isPartOf":{"@id":"https:\/\/www.gite-alsace-relaisdesvignes.com\/#website"},"datePublished":"2021-04-08T23:37:00+00:00","dateModified":"2022-07-21T19:17:21+00:00","description":"Promotion de - 10 % sur le Gite Riesling aux g\u00eetes du Relais des Vignes \u00e0 KIntzheim sur la route des vins.","breadcrumb":{"@id":"https:\/\/www.gite-alsace-relaisdesvignes.com\/promotions-gitealsacelocation\/#breadcrumb"},"inLanguage":"en-US","potentialAction":[{"@type":"ReadAction","target":["https:\/\/www.gite-alsace-relaisdesvignes.com\/promotions-gitealsacelocation\/"]}]},{"@type":"BreadcrumbList","@id":"https:\/\/www.gite-alsace-relaisdesvignes.com\/promotions-gitealsacelocation\/#breadcrumb","itemListElement":[{"@type":"ListItem","position":1,"name":"Accueil","item":"https:\/\/www.gite-alsace-relaisdesvignes.com\/"},{"@type":"ListItem","position":2,"name":"Nos Promotions"}]}]}},"_links":{"self":[{"href":"https:\/\/www.gite-alsace-relaisdesvignes.com\/en\/wp-json\/wp\/v2\/pages\/177"}],"collection":[{"href":"https:\/\/www.gite-alsace-relaisdesvignes.com\/en\/wp-json\/wp\/v2\/pages"}],"about":[{"href":"https:\/\/www.gite-alsace-relaisdesvignes.com\/en\/wp-json\/wp\/v2\/types\/page"}],"author":[{"embeddable":true,"href":"https:\/\/www.gite-alsace-relaisdesvignes.com\/en\/wp-json\/wp\/v2\/users\/1"}],"replies":[{"embeddable":true,"href":"https:\/\/www.gite-alsace-relaisdesvignes.com\/en\/wp-json\/wp\/v2\/comments?post=177"}],"version-history":[{"count":70,"href":"https:\/\/www.gite-alsace-relaisdesvignes.com\/en\/wp-json\/wp\/v2\/pages\/177\/revisions"}],"predecessor-version":[{"id":2926,"href":"https:\/\/www.gite-alsace-relaisdesvignes.com\/en\/wp-json\/wp\/v2\/pages\/177\/revisions\/2926"}],"wp:attachment":[{"href":"https:\/\/www.gite-alsace-relaisdesvignes.com\/en\/wp-json\/wp\/v2\/media?parent=177"}],"curies":[{"name":"wp","href":"https:\/\/api.w.org\/{rel}","templated":true}]}}